{"id":5490,"date":"2025-07-29T20:46:16","date_gmt":"2025-07-29T19:46:16","guid":{"rendered":"https:\/\/elroser.coop\/?post_type=product&#038;p=5490"},"modified":"2025-10-26T10:21:43","modified_gmt":"2025-10-26T09:21:43","slug":"formacio-en-educacio-viva-2024-copia-copia-3","status":"publish","type":"product","link":"https:\/\/elroser.coop\/es\/formacions\/formacio-en-educacio-viva-2024-copia-copia-3\/","title":{"rendered":"Formaci\u00f3 en Educaci\u00f3 Viva 2025"},"content":{"rendered":"<section class=\"wpb-content-wrapper\">[vc_row][vc_column][vc_column_text]\n<h3>Cooperativa El Roser<\/h3>\n<p>La Cooperativa El Roser es una comunidad de aprendizaje autogestionada formada por familias y profesionales que promueven el empoderamiento individual para lograr una transformaci\u00f3n global de la sociedad.<\/p>\n<p>Nuestra formaci\u00f3n se enmarca en la experiencia de un proyecto pedag\u00f3gico consolidado basado en la educaci\u00f3n viva.<\/p>\n<p>La escucha activa, el respeto a la diferencia, la flexibilidad para mantener un espacio vivo que responda a las necesidades del momento, la comunicaci\u00f3n no violenta, la formaci\u00f3n continua multidisciplinaria, los c\u00edrculos, el espacio para la autorregulaci\u00f3n y la profunda confianza en la perfecci\u00f3n de cada ser nos ayudan a generar un lugar donde todo puede ser expresado, porque todo puede ser recibido.<\/p>\n<p>La totalidad de los m\u00f3dulos del curso de educaci\u00f3n viva ser\u00e1 impartida por el equipo pedag\u00f3gico de la Cooperativa El Roser.<\/p>\n<hr \/>\n<h3>Formaci\u00f3n en Educaci\u00f3n Viva<\/h3>\n<p>Se trata de una formaci\u00f3n presencial, compuesta por <strong>9 m\u00f3dulos<\/strong> que pueden realizarse como curso completo o por separado. Quienes realicen la formaci\u00f3n completa tendr\u00e1n acceso a un <strong>m\u00f3dulo extra de profundizaci\u00f3n e integraci\u00f3n<\/strong>.<\/p>\n<p>El curso est\u00e1 dirigido a educadores\/as infantiles, maestros\/as de infantil y primaria, u otros profesionales de la educaci\u00f3n y la intervenci\u00f3n educativa (monitores, educadores, profesorado de Formaci\u00f3n Profesional, cuidadores\/as\u2026), as\u00ed como a familias o personas que, a t\u00edtulo personal, quieran conocer nuestra propuesta educativa.<\/p>\n<p>Todos los m\u00f3dulos ser\u00e1n impartidos por el equipo pedag\u00f3gico de la Cooperativa El Roser.<\/p>\n<hr \/>\n<h3>M\u00f3dulos y fechas del curso de Educaci\u00f3n Viva<\/h3>\n<p>La formaci\u00f3n completa incluye los <strong>9 monogr\u00e1ficos + m\u00f3dulo de profundizaci\u00f3n<\/strong> y tiene un precio de <strong>575 \u20ac<\/strong><br \/>\n(\u00a110% de descuento si te inscribes antes del 10 de agosto!).<\/p>\n<p>Tambi\u00e9n se pueden realizar m\u00f3dulos por separado, con un precio de <strong>70 \u20ac por m\u00f3dulo individual<\/strong>.<\/p>\n<ul>\n<li><strong>M\u00d3DULO 1: ETAPAS DEL DESARROLLO<\/strong> \u2013 18 de octubre de 2025<\/li>\n<li><strong>M\u00d3DULO 2: PREPARACI\u00d3N DE ESPACIOS Y MATERIALES<\/strong> \u2013 15 de noviembre de 2025<\/li>\n<li><strong>M\u00d3DULO 3: ACOMPA\u00d1AMIENTO EMOCIONAL<\/strong> \u2013 13 de diciembre de 2025<\/li>\n<li><strong>M\u00d3DULO 4: LIBERTAD Y L\u00cdMITES<\/strong> \u2013 17 de enero de 2026<\/li>\n<li><strong>M\u00d3DULO 5: ABRIRSE AL MUNDO ETAPA 3-6 A\u00d1OS<\/strong> \u2013 21 de febrero de 2026<\/li>\n<li><strong>M\u00d3DULO 6: CUERPO Y MOVIMIENTO<\/strong> \u2013 14 de marzo de 2026<\/li>\n<li><strong>M\u00d3DULO 7: MATEM\u00c1TICAS MANIPULATIVAS<\/strong> \u2013 11 de abril de 2026<\/li>\n<li><strong>M\u00d3DULO 8: LA MAGIA DEL LENGUAJE Y LA NATURALEZA<\/strong> \u2013 25 de abril de 2026<\/li>\n<li><strong>M\u00d3DULO 9: RECURSOS EXPRESIVOS<\/strong> \u2013 9 de mayo de 2026<\/li>\n<li><strong>M\u00d3DULO 10: PROFUNDIZACI\u00d3N E INTEGRACI\u00d3N<\/strong> \u2013 6 de junio de 2026<br \/>\n<em>(Exclusivo para participantes de la formaci\u00f3n completa)<\/em><\/li>\n<\/ul>\n<p>La modalidad de curso completo de educaci\u00f3n viva est\u00e1 reconocida por el <strong>Departamento de Educaci\u00f3n de la Generalitat de Catalu\u00f1a<\/strong>.[\/vc_column_text][\/vc_column][\/vc_row][vc_row css=\u00bb.vc_custom_1716300177997{margin-top: 36px !important;}\u00bb][vc_column][vc_column_text]\n<h3 style=\"text-align: center;\">Inscripci\u00f3<\/h3>\n<p style=\"text-align: center;\">Embarca&#8217;t en aquest viatge cap a una gesti\u00f3 organitzativa m\u00e9s humana i efectiva.<\/p>\n<p style=\"text-align: center;\">T&#8217;hi esperem!<\/p>\n<p>&nbsp;<\/p>\n<p style=\"text-align: center;\"><a href=\"https:\/\/docs.google.com\/forms\/d\/1nqJ1dSXzePHhjEV4FSHVzwDSntWh8N4ybAC6edo4AuA\/edit\" target=\"blank\" class=\"button primary is-primary is-medium\"  >\n    <span>Inscriu-te aqu\u00ed<\/span>\n  <\/a>\n\n<p>&nbsp;<\/p>\n<p>Per a m\u00e9s informaci\u00f3, contacta amb <a href=\"mailto:educantensociocracia@elroser.coop\">educantensociocracia@elroser.coop<\/a>[\/vc_column_text][\/vc_column][\/vc_row]\n<\/section>","protected":false},"excerpt":{"rendered":"<p><span style=\"font-weight: 400;\">Curs\u00a0 intensiu d\u2019Introducci\u00f3 a l\u2019Educaci\u00f3 Viva i activa. <\/span>Descobreix la nostra formaci\u00f3 presencial en Educaci\u00f3 Viva i Activa, ideal per a educadors, professionals de l&#8217;educaci\u00f3 i fam\u00edlies que volen transformar la seva manera d&#8217;ensenyar. Impartida per l\u2019equip expert de la Cooperativa El Roser, aquesta formaci\u00f3 inclou 9 m\u00f2duls que pots fer de forma completa o individualment. <strong>Educaci\u00f3 reconeguda pel Departament d\u2019Educaci\u00f3 de la Generalitat de Catalunya.<\/strong><\/p>\n<h3>Curso intensivo de Introducci\u00f3n a la Educaci\u00f3n Viva y Activa<\/h3>\n<p>Descubre nuestra formaci\u00f3n presencial en Educaci\u00f3n Viva y Activa, ideal para educadores, profesionales de la educaci\u00f3n y familias que desean transformar su manera de ense\u00f1ar.<\/p>\n<p>Impartido por el equipo experto de la <strong>Cooperativa El Roser<\/strong>, este curso incluye <strong>9 m\u00f3dulos<\/strong> que puedes realizar de forma completa o individualmente.<\/p>\n<p><strong>Formaci\u00f3n reconocida por el Departamento de Educaci\u00f3n de la Generalitat de Catalu\u00f1a.<\/strong><\/p>\n","protected":false},"featured_media":5511,"template":"","meta":[],"product_brand":[],"product_cat":[47],"product_tag":[],"class_list":{"0":"post-5490","1":"product","2":"type-product","3":"status-publish","4":"has-post-thumbnail","6":"product_cat-cursos-es","7":"post","9":"first","10":"instock","11":"shipping-taxable","12":"purchasable","13":"product-type-variable"},"_links":{"self":[{"href":"https:\/\/elroser.coop\/es\/wp-json\/wp\/v2\/product\/5490","targetHints":{"allow":["GET"]}}],"collection":[{"href":"https:\/\/elroser.coop\/es\/wp-json\/wp\/v2\/product"}],"about":[{"href":"https:\/\/elroser.coop\/es\/wp-json\/wp\/v2\/types\/product"}],"wp:featuredmedia":[{"embeddable":true,"href":"https:\/\/elroser.coop\/es\/wp-json\/wp\/v2\/media\/5511"}],"wp:attachment":[{"href":"https:\/\/elroser.coop\/es\/wp-json\/wp\/v2\/media?parent=5490"}],"wp:term":[{"taxonomy":"product_brand","embeddable":true,"href":"https:\/\/elroser.coop\/es\/wp-json\/wp\/v2\/product_brand?post=5490"},{"taxonomy":"product_cat","embeddable":true,"href":"https:\/\/elroser.coop\/es\/wp-json\/wp\/v2\/product_cat?post=5490"},{"taxonomy":"product_tag","embeddable":true,"href":"https:\/\/elroser.coop\/es\/wp-json\/wp\/v2\/product_tag?post=5490"}],"curies":[{"name":"wp","href":"https:\/\/api.w.org\/{rel}","templated":true}]}}