{"id":5415,"date":"2025-06-24T13:48:12","date_gmt":"2025-06-24T12:48:12","guid":{"rendered":"https:\/\/elroser.coop\/?post_type=product&#038;p=5415"},"modified":"2025-10-10T16:07:22","modified_gmt":"2025-10-10T15:07:22","slug":"formacio-en-educacio-viva-2024-copia-copia-copia-copia","status":"publish","type":"product","link":"https:\/\/elroser.coop\/es\/formacions\/formacio-en-educacio-viva-2024-copia-copia-copia-copia\/","title":{"rendered":"\u00a1Paquete ahorro! Gu\u00eda did\u00e1ctica y situaciones de aprendizaje 1, 2 i 3."},"content":{"rendered":"<section class=\"wpb-content-wrapper\">[vc_row][vc_column][vc_column_text]\n<h3>Colecci\u00f3n <em>Natura Viva en el Aula<\/em><\/h3>\n<p>La colecci\u00f3n <em>Natura Viva en el Aula<\/em> nace con la voluntad de poner al alcance del profesorado de educaci\u00f3n infantil y primaria un conjunto de recursos did\u00e1cticos para trabajar la naturaleza y el respeto por el medio ambiente desde las primeras etapas educativas, con una perspectiva metodol\u00f3gica de educaci\u00f3n viva y activa.<\/p>\n<p><em>Natura Viva en el Aula<\/em> consta de una <strong>Gu\u00eda did\u00e1ctica<\/strong> y de <strong>3 situaciones de aprendizaje (SA)<\/strong>.<\/p>\n<p>Este paquete incluye todos los materiales de la colecci\u00f3n y os quiere animar con un descuento para que la adquir\u00e1is completa.<\/p>\n<hr \/>\n<h3>Gu\u00eda did\u00e1ctica<\/h3>\n<p>Nos invita a cuestionar nuestra mirada adulta hacia la infancia y el valor de la naturaleza en el marco educativo. Este material quiere ser la hoja de ruta que acompa\u00f1a y ofrece herramientas para la creaci\u00f3n y el desarrollo de situaciones de aprendizaje.<\/p>\n<p>Esta gu\u00eda es una hoja de ruta que invita a cuestionar la mirada adulta hacia la infancia y el valor de la naturaleza en el marco educativo, para ir un poco m\u00e1s all\u00e1 del conocimiento del medio. Adem\u00e1s, ofrece herramientas metodol\u00f3gicas y de reflexi\u00f3n para la creaci\u00f3n y el desarrollo de situaciones de aprendizaje en toda la etapa infantil y b\u00e1sica, ayudando a identificar y favorecer contextos naturales sea cual sea la ubicaci\u00f3n de la escuela.<\/p>\n<p>Las situaciones de aprendizaje de <em>Natura Viva<\/em> han sido dise\u00f1adas y ordenadas siguiendo los niveles de desarrollo de los ni\u00f1os y ni\u00f1as, integrando sus intereses y necesidades, su momento evolutivo y sus competencias, y seg\u00fan los criterios que marcan los actuales decretos de educaci\u00f3n (infantil y b\u00e1sica).<\/p>\n<p>Trabajar en el aula a partir de contextos generadores y resoluci\u00f3n de retos o problem\u00e1ticas reales genera en el alumnado la necesidad de ejecutar con eficacia una acci\u00f3n o una serie de acciones que impliquen el dominio de una o m\u00e1s capacidades, para las cuales es imprescindible un conjunto de saberes de diversas \u00e1reas. Por eso decimos que las situaciones de aprendizaje se orientan a la adquisici\u00f3n de competencias.<\/p>\n<p>Esta SA no ha sido creada en ning\u00fan caso para ser ejecutada \u00edntegramente o de forma parcial, ya que la naturaleza de las SA es nacer de los intereses o necesidades de los ni\u00f1os y ni\u00f1as que acompa\u00f1amos en el d\u00eda a d\u00eda, crecer de la mano de estos y reproducirse en nuevas SA seg\u00fan el latido del grupo. As\u00ed pues, como no hay dos grupos iguales, tampoco tiene sentido que una misma SA se ejecute id\u00e9nticamente en diferentes grupos.<\/p>\n<p>Lo que s\u00ed pretenden es ser un nido de ideas, una bifurcaci\u00f3n de caminos, un prado donde arraigarse, un fruto del que alimentarse. Por tanto, utilizad todo aquello que os sirva e incorporad todo lo que enriquezca vuestra SA. Escuchad a los ni\u00f1os y ni\u00f1as, observad sus movimientos, sus acciones, conectad con la naturaleza, interiorizad el Decreto, formulaos preguntas y animaos a adentraros en vuestra SA. Caminamos a vuestro lado.<\/p>\n<hr \/>\n<h3>Situaci\u00f3n de aprendizaje 1: El ciclo del a\u00f1o<\/h3>\n<p><strong>Educaci\u00f3n infantil y ciclo inicial<\/strong><\/p>\n<p>En las primeras etapas (infantil y ciclo inicial), la comprensi\u00f3n del entorno m\u00e1s cercano, de los cambios en el tiempo y en el paisaje, y de c\u00f3mo esto afecta la cotidianidad del ni\u00f1o, su autonom\u00eda y bienestar, justifican el dise\u00f1o de la primera SA que os ofrecemos: <em>El ciclo del a\u00f1o<\/em>.<\/p>\n<p>A partir de la creaci\u00f3n de una mesa de estaciones en el aula, compartimos con vosotros una serie de propuestas para trabajar a lo largo del a\u00f1o con los ni\u00f1os y ni\u00f1as, para ayudarles a comprender el mundo que les rodea, el paso del tiempo y el ciclo del a\u00f1o.<\/p>\n<p><strong>Info SA 1<\/strong> (insertar enlace)<\/p>\n<hr \/>\n<h3>Situaci\u00f3n de aprendizaje 2: Un mundo de patas, alas y colas<\/h3>\n<p><strong>Ciclo inicial y medio<\/strong><\/p>\n<p>A medida que el ni\u00f1o interact\u00faa y se mueve con seguridad por el entorno, est\u00e1 preparado para salir del YO y conectar con los dem\u00e1s. Es en esta etapa (ciclo inicial y medio) cuando se despierta el inter\u00e9s por el resto de seres vivos y el momento id\u00f3neo para programar propuestas que le den herramientas para conocerlos y crear v\u00ednculos tan profundos como sea posible. Estas metas nos inspiran para crear la segunda SA: <em>Un mundo de patas, alas y colas<\/em>.<\/p>\n<p>A partir de un hallazgo hecho por los ni\u00f1os en el patio de la escuela, se desarrollan un conjunto de actividades que les invitar\u00e1n a investigar sobre las diversas especies de aves, sus caracter\u00edsticas y sus h\u00e1bitats, al mismo tiempo que desarrollan el amor y el respeto por el medio ambiente y los seres vivos.<\/p>\n<p><strong>Info SA 2<\/strong> (insertar enlace)<\/p>\n<hr \/>\n<h3>Situaci\u00f3n de aprendizaje 3: Cuando los \u00e1rboles nos hablan<\/h3>\n<p><strong>Ciclo medio y superior<\/strong><\/p>\n<p>La \u00faltima SA que os proponemos, <em>Cuando los \u00e1rboles nos hablan<\/em>, nos brinda la oportunidad de llevar a los ni\u00f1os y ni\u00f1as mayores conceptos abstractos como sostenibilidad, ecolog\u00eda, deforestaci\u00f3n y, al mismo tiempo, desarrollar en ellos el esp\u00edritu cr\u00edtico y contribuir a la conservaci\u00f3n de la biodiversidad desde una perspectiva tanto local como global.<\/p>\n<p>A partir de una noticia que una ni\u00f1a trae a la conversaci\u00f3n del aula, comenzamos a trazar hip\u00f3tesis sobre un mundo bastante desconocido para todos: los \u00e1rboles y sus incre\u00edbles poderes.<\/p>\n<p><strong>Info SA 3<\/strong> (insertar enlace)<\/p>\n<p>&nbsp;<\/p>\n<p><span style=\"font-size: 14.4px;\">[\/vc_column_text][\/vc_column][\/vc_row]<\/span><\/p>\n<\/section>","protected":false},"excerpt":{"rendered":"<p><strong>Paquete completo de Naturaleza Viva en el Aula <\/strong>para docentes. <span style=\"font-weight: 400;\"> Consta de una Gu\u00eda did\u00e0\u00e1tica + 3 situaciones de aprendizaje (SA) descargables. <\/span><\/p>\n<ul>\n<li>Situaci\u00f3n de aprendizaje 1: El ciclo del a\u00f1o (e<span style=\"font-weight: 400;\">ducaci\u00f3n infantil y ciclo inicial).<\/span><\/li>\n<li>Situaci\u00f3n de aprendizaje 2: Un mundo de patas, alas y colas (c<span style=\"font-weight: 400;\">iclo inicial y medio).<\/span><\/li>\n<li>Situaci\u00f3n de aprendizaje 3: Cuando los \u00e1rboles hablan (c<span style=\"font-weight: 400;\">iclo medio y superior).<\/span><\/li>\n<\/ul>\n<p>\u00a1Aprovecha esta oferta!<\/p>\n","protected":false},"featured_media":5409,"template":"","meta":[],"product_brand":[],"product_cat":[102],"product_tag":[103],"class_list":{"0":"post-5415","1":"product","2":"type-product","3":"status-publish","4":"has-post-thumbnail","6":"product_cat-naturaleza-viva","7":"product_tag-naturaleza-viva","8":"post","10":"first","11":"instock","12":"downloadable","13":"shipping-taxable","14":"purchasable","15":"product-type-simple"},"_links":{"self":[{"href":"https:\/\/elroser.coop\/es\/wp-json\/wp\/v2\/product\/5415","targetHints":{"allow":["GET"]}}],"collection":[{"href":"https:\/\/elroser.coop\/es\/wp-json\/wp\/v2\/product"}],"about":[{"href":"https:\/\/elroser.coop\/es\/wp-json\/wp\/v2\/types\/product"}],"wp:featuredmedia":[{"embeddable":true,"href":"https:\/\/elroser.coop\/es\/wp-json\/wp\/v2\/media\/5409"}],"wp:attachment":[{"href":"https:\/\/elroser.coop\/es\/wp-json\/wp\/v2\/media?parent=5415"}],"wp:term":[{"taxonomy":"product_brand","embeddable":true,"href":"https:\/\/elroser.coop\/es\/wp-json\/wp\/v2\/product_brand?post=5415"},{"taxonomy":"product_cat","embeddable":true,"href":"https:\/\/elroser.coop\/es\/wp-json\/wp\/v2\/product_cat?post=5415"},{"taxonomy":"product_tag","embeddable":true,"href":"https:\/\/elroser.coop\/es\/wp-json\/wp\/v2\/product_tag?post=5415"}],"curies":[{"name":"wp","href":"https:\/\/api.w.org\/{rel}","templated":true}]}}