{"id":5399,"date":"2025-06-23T11:54:40","date_gmt":"2025-06-23T10:54:40","guid":{"rendered":"https:\/\/elroser.coop\/?post_type=product&#038;p=5399"},"modified":"2025-10-26T11:29:55","modified_gmt":"2025-10-26T10:29:55","slug":"formacio-en-educacio-viva-2024-copia-copia-copia","status":"publish","type":"product","link":"https:\/\/elroser.coop\/es\/formacions\/formacio-en-educacio-viva-2024-copia-copia-copia\/","title":{"rendered":"Formaci\u00f3 en Educaci\u00f3 Viva 2025 (M\u00d3DULO GUIA DID\u00c1CTICA)"},"content":{"rendered":"<section class=\"wpb-content-wrapper\">[vc_row][vc_column][vc_column_text<\/p>\n<p>La Cooperativa El Roser es una comunidad de aprendizaje autogestionada formada por familias y profesionales que promueven el empoderamiento individual para lograr una transformaci\u00f3n global de la sociedad.<\/p>\n<p>Nuestra formaci\u00f3n se enmarca en la experiencia del proyecto pedag\u00f3gico que desde 2011 acompa\u00f1a a criaturas de 3 a 12 a\u00f1os y a sus familias.<\/p>\n<p>La escucha activa, el respeto a la diferencia, la flexibilidad de mantener un espacio vivo que responda a las necesidades del momento, la comunicaci\u00f3n no violenta, la formaci\u00f3n multidisciplinar continua, los c\u00edrculos, el espacio para la autorregulaci\u00f3n y la confianza profunda en la perfecci\u00f3n de cada ser nos ayudan a generar un lugar donde todo puede ser expresado, porque todo puede ser recibido.<\/p>\n<p>La totalidad de los m\u00f3dulos ser\u00e1 impartida por el equipo pedag\u00f3gico de la Cooperativa El Roser.<\/p>\n<h2>Formaci\u00f3n<\/h2>\n<p>Ser\u00e1 una formaci\u00f3n presencial, con 9 m\u00f3dulos que se podr\u00e1n realizar como curso completo o por separado. Este a\u00f1o os presentamos un formato intensivo del 8 al 12 de julio.<\/p>\n<p>El curso est\u00e1 dirigido a educadores y educadoras infantiles, maestros y maestras de infantil y primaria u otros profesionales de la educaci\u00f3n y la intervenci\u00f3n educativa (monitores, educadores, profesorado de Formaci\u00f3n Profesional, acompa\u00f1antes\u2026) as\u00ed como a familias o personas que a t\u00edtulo personal quieran conocer nuestra propuesta educativa.<\/p>\n<p>Todos los m\u00f3dulos ser\u00e1n impartidos por el equipo pedag\u00f3gico de la Cooperativa El Roser.<\/p>\n<h2>M\u00f3dulos y fechas<\/h2>\n<p>La formaci\u00f3n completa incluye los 9 monogr\u00e1ficos y tiene un precio de 550 \u20ac.<\/p>\n<p>Tambi\u00e9n se pueden realizar m\u00f3dulos por separado, y el precio es de 70 \u20ac cada m\u00f3dulo.<\/p>\n<ul>\n<li><strong>M\u00d3DULO 1:<\/strong>\u00a0ETAPAS DEL DESARROLLO &#8211; FECHA: 8 DE JULIO 2024 (MA\u00d1ANA)<\/li>\n<li><strong>M\u00d3DULO 2:<\/strong>\u00a0PREPARACI\u00d3N DE ESPACIO Y MATERIALES &#8211; FECHA: 8 DE JULIO 2024 (TARDE)<\/li>\n<li><strong>M\u00d3DULO 3:<\/strong>\u00a0ACOMPA\u00d1AMIENTO EMOCIONAL &#8211; FECHA: 9 DE JULIO 2024 (MA\u00d1ANA)<\/li>\n<li><strong>M\u00d3DULO 4:<\/strong>\u00a0LIBERTAD Y L\u00cdMITES &#8211; FECHA: 9 DE JULIO 2024 (TARDE)<\/li>\n<li><strong>M\u00d3DULO 5:<\/strong>\u00a0ABRIRSE AL MUNDO ETAPA 3-6 A\u00d1OS &#8211; FECHA: 10 DE JULIO 2024 (MA\u00d1ANA)<\/li>\n<li><strong>M\u00d3DULO 6:<\/strong>\u00a0CUERPO Y MOVIMIENTO: Una mirada consciente al cuerpo, valor de la psicomotricidad y acompa\u00f1amiento de la sexualidad &#8211; FECHA: 10 DE JULIO 2024 (TARDE)<\/li>\n<li><strong>M\u00d3DULO 7:<\/strong>\u00a0MATEM\u00c1TICAS MANIPULATIVAS: recursos matem\u00e1ticos (3-12 a\u00f1os) &#8211; FECHA: 11 DE JULIO 2024 (MA\u00d1ANA)<\/li>\n<li><strong>M\u00d3DULO 8:<\/strong>\u00a0LA MAGIA DEL LENGUAJE Y LA NATURALEZA: recursos \u00e1rea lenguas y medio (3-12 a\u00f1os) &#8211; FECHA: 11 DE JULIO 2024 (TARDE)<\/li>\n<li><strong>M\u00d3DULO 9:<\/strong>\u00a0RECURSOS EXPRESIVOS (CREAR PARA SER \/\/ EL JUEGO DE CREAR): recursos para la expresi\u00f3n creativa desde el juego y la exploraci\u00f3n &#8211; FECHA: 12 DE JULIO 2024 (MA\u00d1ANA)<\/li>\n<\/ul>\n<p>La modalidad de curso completo est\u00e1 reconocida por el Departamento de Educaci\u00f3n de la Generalitat de Catalu\u00f1a.<\/p>\n<h2>Inscripci\u00f3n<\/h2>\n<p>Emb\u00e1rcate en este viaje hacia una gesti\u00f3n organizativa m\u00e1s humana y efectiva.<\/p>\n<p><strong>\u00a1Te esperamos!<\/strong><\/p>\n<p><a href=\"https:\/\/docs.google.com\/forms\/d\/1nqJ1dSXzePHhjEV4FSHVzwDSntWh8N4ybAC6edo4AuA\/edit\" target=\"_blank\" rel=\"noopener\">Inscr\u00edbete aqu\u00ed<\/a><\/p>\n<p>Para m\u00e1s informaci\u00f3n, contacta con\u00a0<a href=\"mailto:educantensociocracia@elroser.coop\">educantensociocracia@elroser.coop<\/a><\/p>\n[\/vc_column_text][\/vc_column][\/vc_row]\n<\/section>","protected":false},"excerpt":{"rendered":"<p><strong>Curso intensivo de Introducci\u00f3n a la Educaci\u00f3n Viva y Activa.<\/strong><br \/>\nDescubre nuestra formaci\u00f3n presencial en Educaci\u00f3n Viva y Activa, ideal para educadores, profesionales de la educaci\u00f3n y familias que desean transformar su manera de ense\u00f1ar.<br \/>\nImpartida por el equipo experto de la Cooperativa El Roser, esta formaci\u00f3n incluye 9 m\u00f3dulos que puedes realizar de forma completa o individualmente.<br \/>\nFormaci\u00f3n reconocida por el Departamento de Educaci\u00f3n de la Generalitat de Catalu\u00f1a.<\/p>\n","protected":false},"featured_media":5401,"template":"","meta":[],"product_brand":[],"product_cat":[102],"product_tag":[103],"class_list":{"0":"post-5399","1":"product","2":"type-product","3":"status-publish","4":"has-post-thumbnail","6":"product_cat-naturaleza-viva","7":"product_tag-naturaleza-viva","8":"post","10":"first","11":"instock","12":"downloadable","13":"shipping-taxable","14":"purchasable","15":"product-type-simple"},"_links":{"self":[{"href":"https:\/\/elroser.coop\/es\/wp-json\/wp\/v2\/product\/5399","targetHints":{"allow":["GET"]}}],"collection":[{"href":"https:\/\/elroser.coop\/es\/wp-json\/wp\/v2\/product"}],"about":[{"href":"https:\/\/elroser.coop\/es\/wp-json\/wp\/v2\/types\/product"}],"wp:featuredmedia":[{"embeddable":true,"href":"https:\/\/elroser.coop\/es\/wp-json\/wp\/v2\/media\/5401"}],"wp:attachment":[{"href":"https:\/\/elroser.coop\/es\/wp-json\/wp\/v2\/media?parent=5399"}],"wp:term":[{"taxonomy":"product_brand","embeddable":true,"href":"https:\/\/elroser.coop\/es\/wp-json\/wp\/v2\/product_brand?post=5399"},{"taxonomy":"product_cat","embeddable":true,"href":"https:\/\/elroser.coop\/es\/wp-json\/wp\/v2\/product_cat?post=5399"},{"taxonomy":"product_tag","embeddable":true,"href":"https:\/\/elroser.coop\/es\/wp-json\/wp\/v2\/product_tag?post=5399"}],"curies":[{"name":"wp","href":"https:\/\/api.w.org\/{rel}","templated":true}]}}