{"id":3890,"date":"2024-04-23T13:03:03","date_gmt":"2024-04-23T12:03:03","guid":{"rendered":"https:\/\/elroser.coop\/cookies\/"},"modified":"2025-05-05T13:59:15","modified_gmt":"2025-05-05T12:59:15","slug":"cookies","status":"publish","type":"page","link":"https:\/\/elroser.coop\/es\/cookies\/","title":{"rendered":"cookies"},"content":{"rendered":"<p>En la Cooperativa El Roser velamos por la privacidad de los visitantes de nuestros sitios web y trabajamos para que cualquier informaci\u00f3n que recopilemos sobre vuestra interacci\u00f3n con estos se haga de forma transparente y segura. Por ello, a continuaci\u00f3n os explicamos qu\u00e9 cookies utilizamos y de qu\u00e9 manera nos ayudan a mejorar vuestra experiencia de navegaci\u00f3n.<\/p>\n<h3>QU\u00c9 SON LAS GALLETAS O COOKIES?<\/h3>\n<p>Las cookies son peque\u00f1os archivos que los sitios web que visitas guardan en tu ordenador simplemente por visitarlos. Estas permiten guardar y utilizar informaci\u00f3n sobre tu visita, que se puede utilizar de diferentes formas:<\/p>\n<ul>\n<li>Recordar tus preferencias para futuras visitas.<\/li>\n<li>Adaptar la visualizaci\u00f3n a caracter\u00edsticas concretas de tu navegaci\u00f3n.<\/li>\n<li>Ver c\u00f3mo te mueves por el sitio web, con el objetivo de hacer mejoras o evaluar si es complicado navegar por el mismo para los visitantes.<\/li>\n<\/ul>\n<p><strong>Ninguna de estas cookies se utiliza para identificarte personalmente, solo est\u00e1n destinadas a personalizar el sitio para ti y obtener estad\u00edsticas.<\/strong><\/p>\n<p><strong>TIPOS DE COOKIES<\/strong><\/p>\n<p>seg\u00fan el emisor, la finalidad y el tiempo que se conservan, hay diferentes tipos<\/p>\n<ul>\n<li><strong>Seg\u00fan qui\u00e9n gestione el dominio o servicio desde donde se env\u00edan las cookies y se traten los datos que se obtengan, <\/strong>se pueden distinguir dos tipos: cookies propias, es decir, las que crea el propio sitio web que visitas, y cookies de terceros, es decir, de entidades externas que las crean porque el sitio web que est\u00e1s visitando se lo ha solicitado.<\/li>\n<li><strong>Seg\u00fan el t\u00e9rmino de tiempo que permanezcan almacenadas en tu navegador,<\/strong> pueden ser cookies de sesi\u00f3n, que desaparecen una vez cierras el navegador, o cookies persistentes, que se conservan hasta la pr\u00f3xima visita que hagas al sitio web.<\/li>\n<li><strong>Seg\u00fan la finalidad para la cual se utilicen los datos obtenidos,<\/strong> existen las cookies t\u00e9cnicas, que guardan configuraciones espec\u00edficas de tu navegador (como el tama\u00f1o del espacio \u00fatil para navegar), cookies de personalizaci\u00f3n, que se centran en preferencias propias de tu visita (como qu\u00e9 idioma has escogido), cookies de an\u00e1lisis, cookies publicitarias y cookies de publicidad comportamental, que te muestran un anuncio u otro bas\u00e1ndose en los datos que obtienen de tu navegaci\u00f3n.<\/li>\n<\/ul>\n<h3>CUALES GALLETAS UTILIZAMOS EN LA COOPERATIVA EL ROSER?<\/h3>\n<p>En nuestras p\u00e1ginas web encontrar\u00e1s tanto cookies insertadas directamente por nosotros como cookies insertadas por terceros. Cada sitio web incluye una explicaci\u00f3n sobre las que utiliza espec\u00edficamente. En el caso de websalpunt.cat, las encontrar\u00e1s detalladas en los siguientes apartados.<\/p>\n<h3>GALLETAS DE TERCEROS A LA WEB ELROSER.ES<\/h3>\n<p>Utilizamos cookies de Google Tag Manager \u00fanicamente para realizar un seguimiento de estad\u00edsticas de uso an\u00f3nimas y no recopilamos ninguna informaci\u00f3n personal que pueda utilizarse para identificarte. Esto nos ayuda a analizar datos sobre el uso del sitio web y mejorar nuestro sitio web para adaptarlo a tus necesidades.<\/p>\n<p>La biblioteca JavaScript analytics.js forma parte de Universal Analytics y utiliza una sola cookie propia para distinguir a los usuarios \u00fanicos y limitar el porcentaje de solicitudes. Con gtag.js y analytics.js no es necesario configurar cookies para transmitir datos a Google Analytics.<\/p>\n<p>Las bibliotecas gtag.js y analytics.js configuran las siguientes cookies:<\/p>\n<table>\n<tbody>\n<tr>\n<td width=\"5%\"><strong>Galleta<\/strong><\/td>\n<td width=\"10%\"><strong>Origen<\/strong><\/td>\n<td width=\"60%\"><strong>Funci\u00f3n<\/strong><\/td>\n<td width=\"25%\"><strong>Caducidad<\/strong><\/td>\n<\/tr>\n<tr>\n<td>_ga<\/td>\n<td>Google Tag Manager<\/td>\n<td>Se utiliza para distinguir a los usuarios cuando se recopila informaci\u00f3n sobre las visitas a p\u00e1ginas. Esta cookie nos ayuda a identificar las \u00e1reas del sitio web que deben mejorarse. No permite que identifiquemos al usuario personalmente, ya que no se realiza ning\u00fan seguimiento de datos ni datos personales.<\/td>\n<td>2 a\u00f1os<\/td>\n<\/tr>\n<tr>\n<td>_gid<\/td>\n<td>Google Tag Manager<\/td>\n<td>Se utiliza para distinguir a los usuarios cuando se recopila informaci\u00f3n sobre visitas a p\u00e1ginas. Esta cookie nos ayuda a identificar las \u00e1reas del sitio web que necesitan mejorarse. No permite que identifiquemos al usuario personalmente ya que no se realiza ning\u00fan seguimiento de datos ni datos personales.<\/td>\n<td>24 horas<\/td>\n<\/tr>\n<tr>\n<td>_gali<\/td>\n<td>Google Analytics<\/td>\n<td>Se utiliza para especificar el pa\u00eds del usuario.<\/td>\n<td>1 minuto<\/td>\n<\/tr>\n<tr>\n<td>\u00a0_dc_gtm_UA-47559636-1<\/td>\n<td>Google Analytics<\/td>\n<td>\n<div class=\"flex flex-grow flex-col max-w-full\">\n<div class=\"min-h-[20px] text-message flex flex-col items-start whitespace-pre-wrap break-words [.text-message+&amp;]:mt-5 juice:w-full juice:items-end overflow-x-auto gap-3\" dir=\"auto\" data-message-author-role=\"assistant\" data-message-id=\"6f60a46d-eb8c-4479-8ea7-b18d41d1afba\">\n<div class=\"markdown prose w-full break-words dark:prose-invert light\">\n<p>Distingue a los usuarios y eventos del sitio web y analiza c\u00f3mo interact\u00faan los usuarios con nuestro sitio web. Los datos de los usuarios rastreados son an\u00f3nimos.<\/p>\n<\/div>\n<\/div>\n<\/div>\n<\/td>\n<td>10 minutos<\/td>\n<\/tr>\n<\/tbody>\n<\/table>\n<h3>GALLETAS PROPIAS A LA WEB ELROSER.ES<\/h3>\n<p>Utilizamos cookies propias que sirven para facilitar la correcta navegaci\u00f3n en el sitio web, as\u00ed como para asegurar que el contenido de los mismos se carga eficazmente. Las cookies propias son estas:<\/p>\n<table>\n<tbody>\n<tr>\n<td width=\"5%\"><strong>Galleta<\/strong><\/td>\n<td width=\"10%\"><strong>Origen<\/strong><\/td>\n<td width=\"60%\"><strong>Funci\u00f3n<\/strong><\/td>\n<td width=\"25%\"><strong>Caducidad<\/strong><\/td>\n<\/tr>\n<tr>\n<td>cookie-agreed<\/td>\n<td>Propia<\/td>\n<td>Detecta si el usuario ha aceptado la pol\u00edtica de cookies del sitio web y, por lo tanto, no es necesario mostrar nuevamente el mensaje relacionado con ello.<\/td>\n<td>120 d\u00edas<\/td>\n<\/tr>\n<tr>\n<td>has_js<\/td>\n<td>Propia<\/td>\n<td>Esta cookie nos permite saber si el usuario tiene o no JavaScript activado en el navegador<\/td>\n<td>Persistente<\/td>\n<\/tr>\n<\/tbody>\n<\/table>\n<h3>COMO MODIFICAR LA CONFIGURACI\u00d3N DE LAS GALLETAS?<\/h3>\n<p>Puedes gestionar las cookies almacenadas en tu equipo o desactivarlas completamente a trav\u00e9s de la configuraci\u00f3n de tu navegador. Ten en cuenta que esto puede afectar tu experiencia de navegaci\u00f3n o incluso impedirte usar ciertos servicios, como aquellos que requieran un inicio de sesi\u00f3n seguro o que necesiten cookies para funcionar.<\/p>\n<p>Todos los navegadores modernos te permitir\u00e1n cambiar la configuraci\u00f3n de las cookies para ofrecerte un amplio control sobre si se pueden configurar las cookies o no.<\/p>\n<p>Para obtener m\u00e1s informaci\u00f3n, visita la secci\u00f3n de ayuda del navegador que est\u00e9s utilizando.<\/p>\n<p><a href=\"https:\/\/support.google.com\/chrome\/answer\/95647?hl=ca\" target=\"_blank\" rel=\"noopener\">Chrome<\/a><br \/>\n<a href=\"https:\/\/support.mozilla.org\/ca\/kb\/Galetes\" target=\"_blank\" rel=\"noopener\">Firefox<\/a><br \/>\n<a href=\"https:\/\/support.microsoft.com\/es-es\/help\/17442\/windows-internet-explorer-delete-manage-cookies\" target=\"_blank\" rel=\"noopener\">Internet Explorer (en castell\u00e0)<\/a><br \/>\n<a href=\"https:\/\/support.apple.com\/kb\/PH21411?viewlocale=es_ES&amp;locale=es_ES\" target=\"_blank\" rel=\"noopener\">Safari (en castell\u00e0)<\/a><\/p>\n<p>Si deseas m\u00e1s informaci\u00f3n sobre nuestra pol\u00edtica de cookies, puedes ponerte en contacto con nosotros a trav\u00e9s del correo electr\u00f3nico <a href=\"mailto:hola@elroser.es\">hola@elroser.es<\/a><\/p>\n<p>&nbsp;<\/p>\n<p>&nbsp;<\/p>\n<p><a href=\"https:\/\/elrosercoop.com\/avis-legal\/\" target=\"_blank\" rel=\"noopener\">Avis Legal<\/a> | <a href=\"https:\/\/elrosercoop.com\/cookies\/\" target=\"_blank\" rel=\"noopener\">Cookies<\/a><\/p>\n","protected":false},"excerpt":{"rendered":"<p>En la Cooperativa El Roser velamos por la privacidad de los visitantes de nuestros sitios web y trabajamos para que cualquier informaci\u00f3n que recopilemos sobre vuestra interacci\u00f3n con estos se haga de forma transparente y segura. Por ello, a continuaci\u00f3n os explicamos qu\u00e9 cookies utilizamos y de qu\u00e9 manera nos ayudan a mejorar vuestra experiencia [&#8230;]\n","protected":false},"author":1,"featured_media":0,"parent":0,"menu_order":0,"comment_status":"closed","ping_status":"closed","template":"","meta":{"footnotes":""},"class_list":["post-3890","page","type-page","status-publish","hentry"],"_links":{"self":[{"href":"https:\/\/elroser.coop\/es\/wp-json\/wp\/v2\/pages\/3890","targetHints":{"allow":["GET"]}}],"collection":[{"href":"https:\/\/elroser.coop\/es\/wp-json\/wp\/v2\/pages"}],"about":[{"href":"https:\/\/elroser.coop\/es\/wp-json\/wp\/v2\/types\/page"}],"author":[{"embeddable":true,"href":"https:\/\/elroser.coop\/es\/wp-json\/wp\/v2\/users\/1"}],"replies":[{"embeddable":true,"href":"https:\/\/elroser.coop\/es\/wp-json\/wp\/v2\/comments?post=3890"}],"version-history":[{"count":2,"href":"https:\/\/elroser.coop\/es\/wp-json\/wp\/v2\/pages\/3890\/revisions"}],"predecessor-version":[{"id":3892,"href":"https:\/\/elroser.coop\/es\/wp-json\/wp\/v2\/pages\/3890\/revisions\/3892"}],"wp:attachment":[{"href":"https:\/\/elroser.coop\/es\/wp-json\/wp\/v2\/media?parent=3890"}],"curies":[{"name":"wp","href":"https:\/\/api.w.org\/{rel}","templated":true}]}}