{"id":3885,"date":"2024-03-21T10:38:14","date_gmt":"2024-03-21T09:38:14","guid":{"rendered":"https:\/\/elroser.coop\/avis-legal\/"},"modified":"2025-05-05T13:57:43","modified_gmt":"2025-05-05T12:57:43","slug":"avis-legal","status":"publish","type":"page","link":"https:\/\/elroser.coop\/es\/avis-legal\/","title":{"rendered":"Aviso Legal"},"content":{"rendered":"<h3><strong>COOPERATIVA EL ROSER<\/strong><\/h3>\n<p><strong>Domicilio:<\/strong>\u00a0CAMI DEL LLOR, 13, FINCA CAN CODINA, N\u00ba 29635, 08830 Sant Boi de Llobregat, Barcelona<\/p>\n<h3><strong>AVISO GENERAL WEB<\/strong><\/h3>\n<p>Este aviso tiene como objeto establecer las Condiciones que regulan el acceso y uso de la p\u00e1gina de la Cooperativa el Roser (en adelante, la Cooperativa). El acceso y uso implican la sumisi\u00f3n y aceptaci\u00f3n de las condiciones que se detallan a continuaci\u00f3n.<\/p>\n<p>El contenido de esta p\u00e1gina podr\u00e1 ser modificado en cualquier momento por parte de su titular, sin necesidad de ninguna comunicaci\u00f3n previa por parte de la Cooperativa.<\/p>\n<p>La Cooperativa no se hace responsable de los contenidos a los que apunten los enlaces que se puedan ofrecer desde esta p\u00e1gina y que no correspondan a dominios titularidad de la Cooperativa.<\/p>\n<h3><strong>PROPIEDAD INTELECTUAL E INDUSTRIAL<\/strong><\/h3>\n<p>Los textos comprendidos dentro de este sitio web se presentan con la licencia de Creative Commons Reconocimiento-No comercial. Esto permite la generaci\u00f3n de obras derivadas siempre que no se haga un uso comercial.<\/p>\n<p>No se puede utilizar la obra original con fines comerciales.<\/p>\n<p>El resto de contenidos, incluyendo im\u00e1genes, audios, v\u00eddeos, dise\u00f1os, as\u00ed como cualquier otro material susceptible de protecci\u00f3n, son titularidad de la Cooperativa, si no se especifica lo contrario. De entre los que pertenezcan a la Cooperativa, algunos pueden ser ofrecidos bajo una licencia Creative Commons. Las condiciones de dicha licencia pueden variar de unos materiales a otros, y las condiciones en las que se puedan utilizar por parte de los interesados se detallan en cada caso concreto.<\/p>\n<p>Todos aquellos otros contenidos de los cuales la Cooperativa no sea la titular ser\u00e1n incluidos en el sitio web \u00fanicamente despu\u00e9s de haber obtenido el derecho de hacerlos servir.<\/p>\n<h3><strong>RESPONSABILIDAD SOBRE CONTENIDOS Y USO<\/strong><\/h3>\n<p>El usuario se compromete a hacer un uso correcto de todos los contenidos y servicios del sitio web y no modificar\u00e1 ni da\u00f1ar\u00e1, de ninguna manera, los datos, los programas o los documentos del sitio web, ni introducir\u00e1 ning\u00fan tipo de dispositivo l\u00f3gico o secuencia de caracteres que pueda afectar el sistema inform\u00e1tico del sitio web, incluidos los medios de protecci\u00f3n y seguridad.<\/p>\n<p>La Cooperativa no se hace responsable de los posibles da\u00f1os o perjuicios provocados por interferencias, omisiones, interrupciones, virus inform\u00e1ticos, aver\u00edas o desconexiones de este sistema electr\u00f3nico.<\/p>\n<p>La Cooperativa se reserva el derecho de efectuar, sin aviso previo, los cambios que considere oportunos en el sitio web, y de suspender temporalmente el acceso para introducir mejoras o para hacer mantenimiento.<\/p>\n<p>El usuario se compromete a hacer un uso adecuado de los canales de comunicaci\u00f3n de cualquier tipo que la Cooperativa ofrezca en esta p\u00e1gina, y a no utilizarlos para incurrir en actividades il\u00edcitas o contrarias a la buena fe y al ordenamiento legal. Entre otros, pero no exclusivamente: difundir contenidos o propaganda de cualquier tipo, insultos, opiniones que puedan ser calificadas de delitos contra el honor.<\/p>\n<p>La Cooperativa eliminar\u00e1 todas aquellas manifestaciones que no respeten lo mencionado en el p\u00e1rrafo anterior.<\/p>\n<h3><strong>PROTECCI\u00d3N DE DATOS<\/strong><\/h3>\n<p>La Cooperativa cumple el <a href=\"http:\/\/apdcat.gencat.cat\/ca\/documentacio\/RGPD\/\">Reglamento General de Protecci\u00f3n de Datos 2016\/679<\/a>.<\/p>\n<p>Solo recogemos tus datos cuando es necesario y solo los que son indispensables, y, siempre que lo hacemos, te informamos adecuadamente de la recogida y de tus derechos.<\/p>\n<p>Puedes consultar <a href=\"https:\/\/fundacio.cat\/ca\/politica-de-privacitat\">nuestra pol\u00edtica de privacidad<\/a> cuando quieras.<\/p>\n<h3><strong>LIMITACI\u00d3N DE LA RESPONSABILIDAD<\/strong><\/h3>\n<p>La Cooperativa no asume ninguna responsabilidad derivada, o que se pudiera derivar, del uso que los usuarios hagan de las informaciones y contenidos de esta p\u00e1gina web.<\/p>\n<p>\u2014\u2014\u2014\u2014\u2014\u2014\u2014\u2014\u2014\u2014\u2014\u2014\u2014\u2014\u2014\u2014<\/p>\n<h2 id=\"page-title\" class=\"page__title title\">Pol\u00edtica de privacidad<\/h2>\n<article class=\"node-2503 node node-page view-mode-full clearfix\">\n<header><\/header>\n<div class=\"field field-name-body field-type-text-with-summary field-label-hidden\">\n<p>Esta es la pol\u00edtica de privacidad de la Cooperativa Integral El Roser. Tu privacidad es muy importante para nosotros y, a trav\u00e9s de esta pol\u00edtica, queremos aclarar qu\u00e9 datos personales procesamos para ti, por qu\u00e9, por cu\u00e1nto tiempo los procesamos y c\u00f3mo puedes ejercer tus derechos para gestionarlos.<\/p>\n<p>Te invitamos a leer cuidadosamente esta pol\u00edtica de privacidad para tener una buena comprensi\u00f3n sobre c\u00f3mo protegemos tus datos personales..<\/p>\n<p><strong><br \/>\nCooperativa Integral El Roser SCCL<\/strong><\/p>\n<p>La Cooperativa Integral El Roser SCCL es una entidad sin \u00e1nimo de lucro registrada en el Registro de Cooperativas de Barcelona con los siguientes datos:<\/p>\n<p>Nombre: Cooperativa El Roser<br \/>\nDirecci\u00f3n: CAMI DEL LLOR, 13, FINCA CAN CODINA, N\u00ba 29635, 08830 Sant Boi de Llobregat, Barcelona<br \/>\nN\u00famero de identidad:<br \/>\nDirecci\u00f3n de correo electr\u00f3nico (asuntos de privacidad): <a href=\"mailto:hola@elroser.es\">cooperativa.elroser@gmail.com<\/a><\/p>\n<h3>\u00bfQU\u00c9 DATOS PERSONALES TUYOS PROCESAMOS?<\/h3>\n<p>Las datos personales son cualquier informaci\u00f3n relacionada con una persona f\u00edsica identificada o identificable (i) que nos proporciones voluntariamente (por ejemplo, a trav\u00e9s de nuestros formularios en nuestro sitio web), (ii) que tu registrador nos haya proporcionado para registrar tu nombre de dominio, (iii) que recopilamos de tu asistencia a nuestros eventos o visitas a nuestro sitio web(s).<\/p>\n<p>En el contexto de nuestras actividades comerciales y para proporcionarte un buen servicio y mejorar nuestros servicios siempre que sea posible, podremos procesar los siguientes datos personales: tu nombre, tu correo electr\u00f3nico, la organizaci\u00f3n para la que trabajas, el cargo, tu direcci\u00f3n personal, tu preferencia de idioma, tu sexo, tu edad, tu alias de identificaci\u00f3n \u00fanico en nuestro sistema, tu nombre de dominio, datos financieros, datos relacionados con la cuenta bancaria o informaci\u00f3n de la tarjeta de cr\u00e9dito, datos judiciales relacionados con los nombres de dominio, tu direcci\u00f3n IP, im\u00e1genes y archivos de video.<\/p>\n<p>Como no es posible registrar un nombre de dominio directamente con nosotros, recopilamos tus datos personales a trav\u00e9s de la empresa con la que has registrado tu dominio. Esta empresa puede ser uno de nuestros registradores acreditados o uno de sus distribuidores que recopilan tus datos personales en nuestro nombre.<\/p>\n<h3>CON QU\u00c9 FINALIDAD PROCESAMOS TUS DATOS PERSONALES?<\/h3>\n<p>Procesamos tus datos personales con diferentes prop\u00f3sitos:<\/p>\n<ul>\n<li>PPara poder ofrecer los mejores servicios posibles para tu dominio, debemos recopilar datos personales en relaci\u00f3n con tu nombre de dominio. Esto tambi\u00e9n nos permite identificarte y contactarte directamente en relaci\u00f3n con el registro de tu nombre de dominio, en caso de que sea necesario.<\/li>\n<li>Utilizamos tus datos personales para mantener y construir relaciones a largo plazo y para ejecutar el contrato que podamos tener. Utilizamos tus datos personales para responder a tus consultas, para cumplir tus solicitudes y\/o para enviarte informaci\u00f3n administrativa.<\/li>\n<li>Tus datos personales pueden ser utilizados para cumplir con la normativa aplicable. Tambi\u00e9n pueden ser utilizados para responder a solicitudes o reclamaciones de las autoridades p\u00fablicas y gubernamentales, incluidas las autoridades p\u00fablicas y gubernamentales fuera de tu pa\u00eds de residencia, o para proteger nuestros derechos, privacidad, seguridad o propiedad y\/o nuestras entidades.<\/li>\n<li>Podemos utilizar tus datos personales para enviarte mensajes promocionales, marketing, informaci\u00f3n sobre la comunidad .cat y otra informaci\u00f3n que te pueda ser de inter\u00e9s.<\/li>\n<\/ul>\n<h3>PRINCIPIOS OBSERVADOS EN LA RECOLECCI\u00d3N Y TRATAMIENTO DE DATOS PERSONALES<\/h3>\n<p>La Cooperativa Integral El Roser cumplir\u00e1 los siguientes principios para regular el tratamiento de los datos personales que:<\/p>\n<ul>\n<li>solo ser\u00e1n procesados de forma leg\u00edtima, justa y transparente en relaci\u00f3n con los titulares de nombres registrados y otros datos (\u00ablegalidad, equidad y transparencia\u00bb);<\/li>\n<li>solo se obtendr\u00e1n con fines espec\u00edficos, expl\u00edcitos y leg\u00edtimos, y no se procesar\u00e1n de ninguna manera incompatible con este prop\u00f3sito (\u00ablimitaci\u00f3n de prop\u00f3sito\u00bb);<\/li>\n<li>ser\u00e1n adecuados, relevantes y no excesivos en relaci\u00f3n con los prop\u00f3sitos para los cuales se procesan (\u00abminimizaci\u00f3n de datos\u00bb);<\/li>\n<li>ser\u00e1n precisos y, si es necesario, se mantendr\u00e1n actualizados, seg\u00fan corresponda a los prop\u00f3sitos para los cuales est\u00e1n procesados (\u00abprecisi\u00f3n\u00bb);<\/li>\n<li>no se mantendr\u00e1n en una forma que permita identificar al titular del nombre registrado y otros sujetos de datos por m\u00e1s tiempo del necesario para los fines permitidos (\u00ablimitaci\u00f3n de almacenamiento\u00bb); y<\/li>\n<li>ser\u00e1n procesados de manera que garantice la seguridad adecuada de los datos personales, incluida la protecci\u00f3n contra el procesamiento no autorizado o ilegal y contra la p\u00e9rdida, destrucci\u00f3n o da\u00f1o accidental, utilizando medidas t\u00e9cnicas u organizativas (\u00abintegridad y confidencialidad\u00bb) adecuadas.<\/li>\n<\/ul>\n<h3>\u00bfQUI\u00c9N TIENE ACCESO A TUS DATOS PERSONALES?<\/h3>\n<p>Tus datos personales solo ser\u00e1n accesibles por el personal cualificado de la Cooperativa Integral El Roser que los deba procesar.<\/p>\n<h3>\u00bfBAJO QU\u00c9 BASE LEGAL PROCESAMOS TUS DATOS PERSONALES?<\/h3>\n<p>Podemos procesar tus datos personales en funci\u00f3n de diferentes motivos legales:<\/p>\n<ul>\n<li>El procesamiento puede ser necesario para cumplir con nuestras obligaciones legales como registro o como administradores de datos.<\/li>\n<li>El procesamiento puede ser necesario para la ejecuci\u00f3n del contrato con nosotros.<\/li>\n<li>El procesamiento es necesario para la protecci\u00f3n de nuestros intereses leg\u00edtimos y en particular: los intereses econ\u00f3micos, comerciales y financieros, la continuidad comercial, la seguridad y la confidencialidad de la informaci\u00f3n y productos de los clientes y la seguridad de la infraestructura digital y f\u00edsica.<\/li>\n<li>El procesamiento puede basarse en el consentimiento que has proporcionado en relaci\u00f3n con las actividades de la Cooperativa Integral El Roser.<\/li>\n<\/ul>\n<h3>CON QUI\u00c9N COMPARTIMOS TUS DATOS PERSONALES?<\/h3>\n<p>Nunca vendemos tus datos personales a nadie. En la medida en que la ley aplicable lo permita, y, entre otras razones, para cumplir con el acuerdo de registro de nombres de dominio, tus datos personales pueden ser divulgados a las siguientes partes:<\/p>\n<ul>\n<li><strong>Proveedores t\u00e9cnicos de soporte y almacenamiento:<\/strong> Para garantizar las actividades del operador de registro que permiten el registro de tu nombre de dominio, debemos almacenar y hacer copias de seguridad de todos los datos de registro, incluidos tus datos personales.<\/li>\n<li><strong>Terceros:<\/strong> Tus datos personales pueden ser divulgados a terceros, incluidas las autoridades gubernamentales, por motivos leg\u00edtimos.<\/li>\n<li><strong>ICANN:<\/strong> La Corporaci\u00f3n de Internet para Nombres y N\u00fameros Asignados puede recibir tus datos en relaci\u00f3n con tu registro de nombres de dominio .cat, seg\u00fan lo requiera nuestro Acuerdo de Registro con ICANN.<\/li>\n<li><strong>Auditores:<\/strong> Para garantizar que nuestras operaciones comerciales se eval\u00faen correctamente, los auditores pueden tener acceso a tus datos personales.<\/li>\n<\/ul>\n<p>Cuando compartimos tus datos personales, procuramos instruir a los destinatarios, siempre que sea posible, para que procesen tus datos personales de acuerdo con nuestras instrucciones.<\/p>\n<h3>\u00bfCU\u00c1LES SON TUS DERECHOS EN RELACI\u00d3N CON TUS DATOS PERSONALES?<\/h3>\n<p>Excepto que tu solicitud se considere excesiva o infundada, puedes ejercer los siguientes derechos en relaci\u00f3n con tus datos personales:<\/p>\n<ul>\n<li>Tienes el derecho de solicitar informaci\u00f3n sobre tus datos personales.<\/li>\n<li>TIenes el derecho de solicitar una copia de todos tus datos en un formato est\u00e1ndar.<\/li>\n<li>Tienes el derecho de modificar o corregir tus datos personales si est\u00e1n incorrectos.<\/li>\n<li>Tienes el derecho de solicitar la restricci\u00f3n de ciertas actividades de procesamiento en determinadas circunstancias.<\/li>\n<li>Tienes el derecho de oponerte a ciertas actividades de procesamiento.<\/li>\n<li>Tienes el derecho de retirar tu consentimiento.<\/li>\n<li>Tienes el derecho de que tus datos personales se borren en determinadas circunstancias.<\/li>\n<li>Puedes ejercer cualquiera de tus derechos completando y enviando nuestro formulario en l\u00ednea.<\/li>\n<\/ul>\n<p>El ejercicio de algunos de estos derechos en relaci\u00f3n con el registro de nombres de dominio puede tener que realizarse a trav\u00e9s del registrador del registro del nombre de dominio en cuesti\u00f3n.<\/p>\n<p>Adem\u00e1s, tienes el derecho de presentar una queja ante la autoridad de supervisi\u00f3n local si consideras que el tratamiento de tus datos personales no cumple con la legislaci\u00f3n aplicable.<\/p>\n<h3>\u00bfD\u00f3nde y por cu\u00e1nto tiempo conservamos tus datos personales?<\/h3>\n<p>Tus datos personales se almacenan tanto de forma electr\u00f3nica como manual, internamente y por terceros. Almacenamos tus datos personales de un formulario que permita la identificaci\u00f3n por no m\u00e1s del tiempo necesario para los fines para los cuales se procesan tus datos personales. Este per\u00edodo de retenci\u00f3n var\u00eda seg\u00fan el tipo de datos personales procesados, el prop\u00f3sito del procesamiento y otros factores.<\/p>\n<p>Como titular de un nombre de dominio, conservamos los datos personales durante un (1) a\u00f1o despu\u00e9s de eliminar el nombre del dominio.<\/p>\n<p>Los datos personales de los individuos que recopilamos fuera del \u00e1mbito de un contrato en el contexto de nuestras actividades empresariales se mantienen hasta un (1) a\u00f1o despu\u00e9s de su irrelevancia.<\/p>\n<h3>\u00bfQu\u00e9 medidas de seguridad se toman para salvaguardar tus datos personales?<\/h3>\n<p>Estem implementant i actualitzant cont\u00ednuament les nostres mesures de seguretat per ajudar a protegir les teves dades personals i altres dades contra l\u2019acc\u00e9s no autoritzat, p\u00e8rdua, destrucci\u00f3 o alteraci\u00f3. Fem tot el possible per garantir que tota la informaci\u00f3 s\u2019emmagatzemi de forma segura i demanem als nostres prove\u00efdors de serveis que apliquin les mesures de seguretat adequades.<\/p>\n<h3>COOKIES Y OTRAS TECNOLOG\u00cdAS DE SEGUIMIENTO<\/h3>\n<p>Cuando visit\u00e1is nuestros sitios web, podemos almacenar cierta informaci\u00f3n en vuestros dispositivos en forma de cookie. Os invitamos a leer cuidadosamente nuestra pol\u00edtica de cookies para tener una buena comprensi\u00f3n de c\u00f3mo solicitamos o utilizamos las cookies.<\/p>\n<p>Nos pod\u00e9is contactar aqu\u00ed:<\/p>\n<p><strong>Cooperativa El Roser<\/strong><br \/>\nCAMI DEL LLOR, 13, FINCA CAN CODINA, N\u00ba 29635, 08830 Sant Boi de Llobregat, Barcelona<br \/>\nTel\u00e8fono: 662 06 55 79<br \/>\nE-Mail: \u00a0<a href=\"mailto:hola@elroser.es\">cooperativa.elroser@gmail.com<\/a><\/p>\n<p><strong>Los datos que tratamos. Datos de Registro<\/strong><\/p>\n<p>Como dominio comunitario, tenemos disposiciones espec\u00edficas para vuestros Datos de Registro. Los Datos de Registro son el conjunto de datos contenidos en esta Secci\u00f3n, incluyendo los datos de todos los contactos, as\u00ed como la intenci\u00f3n de uso.<\/p>\n<p>Los Registradores recopilan los siguientes datos para luego transferirlos al Registro:<\/p>\n<p>-Nombre de Dominio<\/p>\n<p>-Servidores de Nombre<\/p>\n<p>-Nombre del Titular<\/p>\n<p>-Organizaci\u00f3n<\/p>\n<p>-Calle<\/p>\n<p>-Ciudad<\/p>\n<p>-C\u00f3digo Postal<\/p>\n<p>-Provincia<\/p>\n<p>-Estado<\/p>\n<p>T-el\u00e9fono<\/p>\n<p>-Extensi\u00f3n de tel\u00e9fono<\/p>\n<p>-Fax<\/p>\n<p>-Extensi\u00f3n de Fax<\/p>\n<p>Los mismos elementos que se recopilan del Titular del dominio tambi\u00e9n se recopilan de los contactos Administrativo y T\u00e9cnico. Tambi\u00e9n del contacto de Facturaci\u00f3n, aunque este \u00faltimo es opcional.<\/p>\n<p>-Intenci\u00f3n de uso: Adem\u00e1s, deb\u00e9is proporcionar la intenci\u00f3n de uso para vuestro Nombre de Dominio.<\/p>\n<p><strong>Base legal para la recopilaci\u00f3n<\/strong><\/p>\n<p>La base legal para la recopilaci\u00f3n de sus Datos es el Art. 6.1.b) del RGPD. Para el Titular del dominio y la intenci\u00f3n de uso se atiende a la ejecuci\u00f3n de las Pol\u00edticas de Registro del Nombre de Dominio de acuerdo con los requisitos espec\u00edficos de elegibilidad y para la validaci\u00f3n posterior al registro; para el contacto Administrativo es para permitir la gesti\u00f3n del Nombre de Dominio, como las transferencias, y por razones de supervisi\u00f3n de cumplimiento normativo; para el contacto T\u00e9cnico es para habilitar el contacto por motivos t\u00e9cnicos.<\/p>\n<p>Cuando se recopilan datos de terceros, por ejemplo, cuando el Titular, y los contactos Administrativo y\/o T\u00e9cnico son diferentes de la persona o personas que proporcionan al Registrador los datos, el Registrador es responsable de informar a esas terceras partes respecto a los elementos de esta Pol\u00edtica de Registro, incluyendo las disposiciones de privacidad.<\/p>\n<p>ICANN, el Registro, el Registrador, y, cuando corresponda, el revendedor, son Responsables de los datos.<\/p>\n<p><strong>Transferencia de datos al Registro<\/strong><\/p>\n<p>Tambi\u00e9n requerimos al Registrador la transferencia de los Datos del apartado anterior. La base legal para ello es el art\u00edculo 6.1.f) del RGPD ya que tenemos un inter\u00e9s leg\u00edtimo en identificar e investigar modelos de conducta que puedan vulnerar la normativa, proporcionar informaci\u00f3n en relaci\u00f3n a disputas sobre la titularidad del dominio, y en operar un repositorio central de datos de los titulares.<\/p>\n<p>Para esta actividad de tratamiento, ICANN y el Registro son los responsables de los datos, y el Registrador el encargado.<\/p>\n<p><strong>Tratamiento de sus datos por parte de terceros<\/strong><\/p>\n<p>Utilizamos los servicios de CORE Association (entidad con sede en Suiza) como proveedor de servicios t\u00e9cnicos de back-end para el Registro de dominios, que se encarga del tratamiento de sus Datos.<\/p>\n<p>El Registro tambi\u00e9n es responsable del tratamiento de sus Datos para transmitirlos a un agente de dep\u00f3sito (Escrow Agent) seg\u00fan lo requiera ICANN (responsable del tratamiento), y los datos pueden ser transferidos a un Operador de Emergencia (EBERO) indicado por ICANN en caso de suspensi\u00f3n de actividades del Registro.<\/p>\n<p><strong>Publicaci\u00f3n de los datos<\/strong><\/p>\n<p>El Registro no publicar\u00e1 tus Datos en el whois o los har\u00e1 p\u00fablicos, excepto en los siguientes casos:<\/p>\n<p>La transferencia de tus datos solo se realizar\u00e1 si existe una base legal suficiente para dicha transferencia, la cual ser\u00e1 evaluada caso por caso. La base legal puede ser el art\u00edculo 6.1.b) (en caso de UDRP o de URS), el art\u00edculo 6.1.c) (en caso de solicitudes de autoridades p\u00fablicas competentes) o el art\u00edculo 6.1.f) (base legal en el inter\u00e9s leg\u00edtimo de una tercera parte).<\/p>\n<p>Hasta que ICANN adopte un modelo de acreditaci\u00f3n para tramitar las solicitudes, todas ser\u00e1n tratadas individualmente por el Registro.<\/p>\n<p><strong>Per\u00edodo de retenci\u00f3n de datos<\/strong><\/p>\n<p>Los Datos de Registro se borrar\u00e1n una vez que el prop\u00f3sito de su tratamiento haya dejado de ser efectivo. Los datos tratados por el Registro se eliminar\u00e1n en el momento en que expiren los per\u00edodos de retenci\u00f3n impuestos por las leyes. El Registro cumplir\u00e1 con los art\u00edculos 17 y 18 del RGPD.<\/p>\n<p>ICANN puede imponer algunos de estos per\u00edodos de retenci\u00f3n. Los Datos de Registro pueden tener que ser mantenidos durante un per\u00edodo de un (1) a\u00f1o despu\u00e9s de que el dominio haya sido eliminado.<\/p>\n<p><strong>Derechos<\/strong><\/p>\n<div class=\"flex-1 overflow-hidden\">\n<div class=\"react-scroll-to-bottom--css-oiddt-79elbk h-full\">\n<div class=\"react-scroll-to-bottom--css-oiddt-1n7m0yu\">\n<div>\n<div class=\"flex flex-col text-sm\">\n<div class=\"w-full text-token-text-primary\" dir=\"auto\" data-testid=\"conversation-turn-213\" data-scroll-anchor=\"true\">\n<div class=\"py-2 juice:py-[18px] px-3 text-base md:px-4 m-auto md:px-5 lg:px-1 xl:px-5\">\n<div class=\"mx-auto flex flex-1 gap-3 text-base juice:gap-4 juice:md:gap-6 md:max-w-3xl lg:max-w-[40rem] xl:max-w-[48rem]\">\n<div class=\"group\/conversation-turn relative flex w-full min-w-0 flex-col agent-turn\">\n<div class=\"flex-col gap-1 md:gap-3\">\n<div class=\"flex flex-grow flex-col max-w-full\">\n<div class=\"min-h-[20px] text-message flex flex-col items-start whitespace-pre-wrap break-words [.text-message+&amp;]:mt-5 juice:w-full juice:items-end overflow-x-auto gap-3\" dir=\"auto\" data-message-author-role=\"assistant\" data-message-id=\"247a018a-7a19-42bc-98d1-36f04ca8c706\">\n<div class=\"markdown prose w-full break-words dark:prose-invert light\">\n<p>Puedes ejercer los siguientes derechos:<\/p>\n<ul>\n<li>Derecho de acceso del interesado. Art. 15 RGPD;<\/li>\n<li>Derecho de rectificaci\u00f3n. Art. 16 RGPD. Las modificaciones pueden solicitarse a tu Registrador, o, en su caso, a tu revendedor, ya que el Registro no puede ejecutar esta rectificaci\u00f3n por s\u00ed mismo;<\/li>\n<li>Derecho de supresi\u00f3n. Art. 17 RGPD. La supresi\u00f3n de los datos puede dar lugar a la cancelaci\u00f3n de tu Dominio;<\/li>\n<li>Derecho a la limitaci\u00f3n del tratamiento. Art. 18 RGPD;<\/li>\n<li>Derecho a la portabilidad de los datos. Art. 20 RGPD;<\/li>\n<li>Derecho de oposici\u00f3n. Art. 21 GDPR.<\/li>\n<\/ul>\n<\/div>\n<\/div>\n<\/div>\n<div class=\"mt-1 flex gap-3 empty:hidden juice:-ml-3\"><\/div>\n<\/div>\n<\/div>\n<\/div>\n<\/div>\n<\/div>\n<\/div>\n<\/div>\n<\/div>\n<\/div>\n<\/div>\n<p>Tienes derecho a iniciar un proceso de queja ante la Autoridad de Protecci\u00f3n de Datos respecto al procesamiento que podamos hacer de tus Datos.<\/p>\n<p><strong>Correcci\u00f3n de tus Datos<\/strong><\/p>\n<p>Nos comprometemos a corregir y actualizar inmediatamente tus Datos durante el per\u00edodo de registro de tu Nombre de Dominio si en alg\u00fan momento dejan de ser correctos.<\/p>\n<p><strong>Tratamiento de tus datos<\/strong><\/p>\n<p>Solo trataremos tus Datos de acuerdo con la normativa aplicable de protecci\u00f3n de datos y adoptaremos todas las medidas t\u00e9cnicas y organizativas para proteger tus Datos contra posibles p\u00e9rdidas, usos incorrectos, accesos, modificaciones o divulgaciones no autorizadas y su eliminaci\u00f3n. Tambi\u00e9n adoptaremos cualquier medida de seguridad requerida por ley.<\/p>\n<h3>CONTACTA CON NOSOTROS<\/h3>\n<p>Si tienes alguna pregunta sobre esta pol\u00edtica de privacidad o si deseas ejercer alguno de tus derechos mencionados anteriormente, cont\u00e1ctanos a trav\u00e9s de <a href=\"mailto:hola@elroser.es\">cooperativa.elroser@gmail.com<\/a><\/p>\n<\/div>\n<\/article>\n","protected":false},"excerpt":{"rendered":"<p>COOPERATIVA EL ROSER Domicilio:\u00a0CAMI DEL LLOR, 13, FINCA CAN CODINA, N\u00ba 29635, 08830 Sant Boi de Llobregat, Barcelona AVISO GENERAL WEB Este aviso tiene como objeto establecer las Condiciones que regulan el acceso y uso de la p\u00e1gina de la Cooperativa el Roser (en adelante, la Cooperativa). El acceso y uso implican la sumisi\u00f3n y [&#8230;]\n","protected":false},"author":1,"featured_media":0,"parent":0,"menu_order":0,"comment_status":"closed","ping_status":"open","template":"","meta":{"footnotes":""},"class_list":["post-3885","page","type-page","status-publish","hentry"],"_links":{"self":[{"href":"https:\/\/elroser.coop\/es\/wp-json\/wp\/v2\/pages\/3885","targetHints":{"allow":["GET"]}}],"collection":[{"href":"https:\/\/elroser.coop\/es\/wp-json\/wp\/v2\/pages"}],"about":[{"href":"https:\/\/elroser.coop\/es\/wp-json\/wp\/v2\/types\/page"}],"author":[{"embeddable":true,"href":"https:\/\/elroser.coop\/es\/wp-json\/wp\/v2\/users\/1"}],"replies":[{"embeddable":true,"href":"https:\/\/elroser.coop\/es\/wp-json\/wp\/v2\/comments?post=3885"}],"version-history":[{"count":2,"href":"https:\/\/elroser.coop\/es\/wp-json\/wp\/v2\/pages\/3885\/revisions"}],"predecessor-version":[{"id":3889,"href":"https:\/\/elroser.coop\/es\/wp-json\/wp\/v2\/pages\/3885\/revisions\/3889"}],"wp:attachment":[{"href":"https:\/\/elroser.coop\/es\/wp-json\/wp\/v2\/media?parent=3885"}],"curies":[{"name":"wp","href":"https:\/\/api.w.org\/{rel}","templated":true}]}}