{"id":3816,"date":"2024-03-21T13:36:19","date_gmt":"2024-03-21T12:36:19","guid":{"rendered":"https:\/\/elroser.coop\/la-cooperativa\/"},"modified":"2025-10-05T10:42:29","modified_gmt":"2025-10-05T09:42:29","slug":"la-cooperativa","status":"publish","type":"page","link":"https:\/\/elroser.coop\/es\/la-cooperativa\/","title":{"rendered":"La cooperativa"},"content":{"rendered":"<section class=\"wpb-content-wrapper\">[vc_row css=\u00bb.vc_custom_1711376731081{padding-top: 5% !important;padding-right: 5% !important;padding-bottom: 5% !important;padding-left: 5% !important;background-color: #fdf8e0 !important;}\u00bb][vc_column][vc_empty_space height=\u00bb32px\u00bb][vc_empty_space height=\u00bb32px\u00bb][vc_column_text]\n<h1 class=\"uppercase\" style=\"text-align: center;\">EL ROSER, UNA COOPERATIVA INTEGRAL<\/h1>\n[\/vc_column_text][vc_empty_space height=\u00bb32px\u00bb][vc_row_inner gap=\u00bb30&#8243;][vc_column_inner width=\u00bb1\/6&#8243;][\/vc_column_inner][vc_column_inner width=\u00bb2\/3&#8243;][vc_column_text]\n<p style=\"text-align: center;\"><strong>Somos una comunidad de aprendizaje autogestionada, formada por familias y profesionales que promueven el empoderamiento individual para lograr una transformaci\u00f3n global de la sociedad. Nuestras gu\u00edas para la acci\u00f3n son el respeto, la confianza, el amor, el compromiso y la libertad.<\/strong><\/p>\n[\/vc_column_text][\/vc_column_inner][vc_column_inner width=\u00bb1\/6&#8243;][\/vc_column_inner][\/vc_row_inner][vc_empty_space height=\u00bb32px\u00bb][vc_empty_space height=\u00bb32px\u00bb][vc_row_inner][vc_column_inner width=\u00bb1\/2&#8243;][vc_column_text]\n<h3 style=\"text-align: left;\"><strong>Nuestros objetivos <\/strong><\/h3>\n[\/vc_column_text][vc_empty_space height=\u00bb32px\u00bb][vc_column_text]\n<ul>\n<li style=\"text-align: left;\">Acompa\u00f1amos procesos de crecimiento y aprendizaje de ni\u00f1os a partir de 3 a\u00f1os de edad de manera respetuosa, atendiendo a las condiciones f\u00edsicas, emocionales, cognitivas y relacionales necesarias para este prop\u00f3sito.<\/li>\n<li style=\"text-align: left;\">Utilizamos la sociocracia como modelo de organizaci\u00f3n y toma de decisiones, y la comunicaci\u00f3n no violenta como medio relacional.<\/li>\n<li style=\"text-align: left;\">Integramos la sostenibilidad y la permacultura como forma de relacionarnos con el medio ambiente.<\/li>\n<li style=\"text-align: left;\">Contribuimos a la transformaci\u00f3n global de la sociedad haciendo red con otros colectivos.<\/li>\n<li style=\"text-align: left;\">Llevamos a cabo acciones de financiamiento de acuerdo con nuestros valores.<\/li>\n<\/ul>\n[\/vc_column_text][\/vc_column_inner][vc_column_inner width=\u00bb1\/2&#8243;][vc_single_image image=\u00bb299&#8243; alignment=\u00bbcenter\u00bb onclick=\u00bblink_image\u00bb img_size=\u00bbfull\u00bb][\/vc_column_inner][\/vc_row_inner][\/vc_column][\/vc_row][vc_row css=\u00bb.vc_custom_1712157866428{padding-top: 5% !important;padding-right: 5% !important;padding-bottom: 5% !important;padding-left: 5% !important;background-color: #4a7a5d !important;}\u00bb el_id=\u00bbsociocracia\u00bb][vc_column][vc_empty_space height=\u00bb32px\u00bb][vc_empty_space height=\u00bb32px\u00bb][vc_column_text]\n<h2 class=\"uppercase\" style=\"text-align: left;\"><span style=\"font-size: 110%;\" data-text-color=\"success\">La sociocracia<\/span><\/h2>\n[\/vc_column_text][vc_empty_space height=\u00bb32px\u00bb][vc_row_inner gap=\u00bb30&#8243;][vc_column_inner width=\u00bb1\/2&#8243;][vc_column_text]\n<h3 style=\"text-align: left;\"><span data-text-color=\"success\"><strong>Nuestra forma de gobierno<\/strong><\/span><\/h3>\n[\/vc_column_text][vc_empty_space height=\u00bb32px\u00bb][vc_column_text]\n<p style=\"text-align: left;\"><span data-text-color=\"success\">La Cooperativa Integral El Roser se rige desde el punto de vista legal y fiscal por los Estatutos, que nos posicionan, a su vez, en el marco de la Ley de Cooperativas de la Generalitat de Catalu\u00f1a.<\/span><\/p>\n<p style=\"text-align: left;\"><span data-text-color=\"success\">Esta legislaci\u00f3n y los Estatutos nos regulan en l\u00edneas muy generales y nos remiten a otro documento, el Reglamento de R\u00e9gimen Interno (RRI), que definimos las socias y los socios de la Cooperativa y que nos regula en los asuntos m\u00e1s concretos.<\/span><\/p>\n<p style=\"text-align: left;\"><span data-text-color=\"success\">Tanto nuestros Estatutos como nuestro Reglamento de R\u00e9gimen Interno hacen referencia a la sociocracia, una forma de autogobierno que encaja con la autogesti\u00f3n con la que nos hemos definido.<\/span><\/p>\n[\/vc_column_text][vc_empty_space height=\u00bb32px\u00bb][vc_column_text]\n<h3 style=\"text-align: left;\"><span data-text-color=\"success\"><strong>\u00bfQue es la sociocracia?<\/strong><\/span><\/h3>\n[\/vc_column_text][vc_empty_space height=\u00bb32px\u00bb][vc_column_text]\n<p style=\"text-align: left;\"><span data-text-color=\"success\">La sociocracia es un sistema de gobernanza que combina la horizontalidad del asamblearismo en el \u00e1mbito pol\u00edtico (definici\u00f3n de la visi\u00f3n, la misi\u00f3n y los valores del proyecto) con la verticalidad de la empresa privada en el \u00e1mbito operativo (definici\u00f3n y cumplimiento de los objetivos).<\/span><\/p>\n<p style=\"text-align: left;\"><span data-text-color=\"success\">La estructura sociocr\u00e1tica se basa en c\u00edrculos. Hay tres tipos: c\u00edrculos pol\u00edticos o de gesti\u00f3n, c\u00edrculos operativos o subc\u00edrculos y el c\u00edrculo base.<\/span><\/p>\n[\/vc_column_text][vc_empty_space height=\u00bb32px\u00bb][vc_column_text]\n<p style=\"text-align: left;\"><span data-text-color=\"success\">Descubre nuestros cursos y acompa\u00f1amientos sobre sociocracia, dise\u00f1ados para equiparte con las herramientas y conocimientos necesarios para implementar este modelo de gobernanza en tu propio contexto.<\/span><\/p>\n[\/vc_column_text][vc_empty_space height=\u00bb32px\u00bb][vc_btn shape=\u00bbround\u00bb color=\u00bborange\u00bb align=\u00bbleft\u00bb title=\u00bbFORMACIONES\u00bb link=\u00bburl:https%3A%2F%2Felroser.coop%2Feducant-en-sociocracia%2F%23formacions\u00bb][\/vc_column_inner][vc_column_inner width=\u00bb1\/2&#8243;][vc_single_image image=\u00bb304&#8243; alignment=\u00bbcenter\u00bb onclick=\u00bblink_image\u00bb img_size=\u00bbfull\u00bb][vc_column_text]<span style=\"font-size: 85%;\" data-text-color=\"success\"><em>En este gr\u00e1fico est\u00e1 representada la organizaci\u00f3n sociocr\u00e1tica actual de El Roser.<\/em><\/span>[\/vc_column_text][\/vc_column_inner][\/vc_row_inner][vc_empty_space height=\u00bb32px\u00bb][\/vc_column][\/vc_row][vc_row css=\u00bb.vc_custom_1712136902944{padding-top: 5% !important;padding-right: 5% !important;padding-bottom: 5% !important;padding-left: 5% !important;background-color: #eeae00 !important;}\u00bb el_id=\u00bbequip\u00bb][vc_column][vc_empty_space height=\u00bb32px\u00bb][vc_empty_space height=\u00bb32px\u00bb][vc_column_text]\n<h2 class=\"uppercase\" style=\"text-align: left;\"><span style=\"font-size: 110%;\" data-text-color=\"success\">Los 4 principios de la sociocracia<\/span><\/h2>\n[\/vc_column_text][vc_empty_space height=\u00bb32px\u00bb][vc_row_inner gap=\u00bb30&#8243;][vc_column_inner width=\u00bb1\/2&#8243;][vc_column_text]\n<h3 style=\"text-align: left;\"><span data-text-color=\"success\"><strong>C\u00edrculo aut\u00f3nomo<\/strong><\/span><\/h3>\n<p style=\"text-align: left;\">Un c\u00edrculo es aut\u00f3nomo, se organiza y establece sus propios objetivos dentro de su \u00e1mbito de actuaci\u00f3n. Esta autonom\u00eda le confiere un alto grado de agilidad en su d\u00eda a d\u00eda.<\/p>\n<p style=\"text-align: left;\">Siempre hay un adulto cercano en los espacios que ocupan los ni\u00f1os y ni\u00f1as. La distancia adecuada suele ser aquella que nos permite escuchar e identificar un conflicto y estar presentes para acompa\u00f1ar y documentar los procesos de aprendizaje.<\/p>\n[\/vc_column_text][\/vc_column_inner][vc_column_inner width=\u00bb1\/2&#8243;][vc_column_text]\n<h3 style=\"text-align: left;\"><span data-text-color=\"success\"><strong>Decisi\u00f3n por consentimiento<\/strong><\/span><\/h3>\n<p style=\"text-align: left;\">El consentimiento gobierna la toma de decisiones. Mientras que en el consenso todos dicen s\u00ed, en el consentimiento nadie dice no. Consentimiento significa que puedo convivir con la decisi\u00f3n. Una decisi\u00f3n se puede vetar si se presenta una objeci\u00f3n fundamentada ante una propuesta.<\/p>\n[\/vc_column_text][\/vc_column_inner][\/vc_row_inner][vc_row_inner gap=\u00bb30&#8243;][vc_column_inner width=\u00bb1\/2&#8243;][vc_column_text]\n<h3 style=\"text-align: left;\"><span data-text-color=\"success\"><strong>Doble Enlace<\/strong><\/span><\/h3>\n<p style=\"text-align: left;\">La conexi\u00f3n entre dos c\u00edrculos es un doble enlace, formado por un l\u00edder de operaciones (operational leader) y uno o m\u00e1s representantes, que son miembros de pleno derecho y participan plenamente en el proceso de toma de decisiones de ambos c\u00edrculos.<\/p>\n[\/vc_column_text][\/vc_column_inner][vc_column_inner width=\u00bb1\/2&#8243;][vc_column_text]\n<h3 style=\"text-align: left;\"><span data-text-color=\"success\"><strong>Elecci\u00f3n sin Candidato<\/strong><\/span><\/h3>\n<p style=\"text-align: left;\">Los c\u00edrculos eligen por consentimiento a las personas que deben desarrollar funciones y ejecutar tareas, despu\u00e9s de una deliberaci\u00f3n abierta. En sociocracia, este proceso recibe el nombre de elecci\u00f3n sin candidato.<\/p>\n[\/vc_column_text][\/vc_column_inner][\/vc_row_inner][vc_empty_space height=\u00bb32px\u00bb][vc_row_inner][vc_column_inner width=\u00bb1\/6&#8243;][\/vc_column_inner][vc_column_inner width=\u00bb2\/3&#8243;][vc_video link=\u00bbhttps:\/\/www.youtube.com\/watch?v=gLfgvAADzYA\u00bb][\/vc_column_inner][vc_column_inner width=\u00bb1\/6&#8243;][\/vc_column_inner][\/vc_row_inner][vc_empty_space height=\u00bb32px\u00bb][\/vc_column][\/vc_row][vc_row css=\u00bb.vc_custom_1711379611481{padding-top: 5% !important;padding-right: 5% !important;padding-bottom: 5% !important;padding-left: 5% !important;background-color: #fdf8e0 !important;}\u00bb][vc_column][vc_empty_space height=\u00bb32px\u00bb][vc_empty_space height=\u00bb32px\u00bb][vc_row_inner gap=\u00bb30&#8243;][vc_column_inner width=\u00bb1\/2&#8243;][vc_column_text]\n<h2 class=\"uppercase\" style=\"text-align: left;\"><span style=\"font-size: 110%;\">La autogesti\u00f3n<\/span><\/h2>\n[\/vc_column_text][vc_empty_space height=\u00bb32px\u00bb][vc_column_text]\n<h3 style=\"text-align: left;\">El roser, un proyecto autogestionado<\/h3>\n<p style=\"text-align: left;\">El Roser es un proyecto autogestionado y, por lo tanto, no recibe ning\u00fan tipo de ayuda de la Administraci\u00f3n. Esta circunstancia hace que, para mantener una cuota asequible, haya actividades que est\u00e9n cooperativizadas, como la limpieza, el mantenimiento de las instalaciones, el cuidado del espacio exterior, la gesti\u00f3n econ\u00f3mica, etc. La autogesti\u00f3n, por lo tanto, implica la necesidad de contar con una comunidad implicada. Y en esta implicaci\u00f3n radica, precisamente, la riqueza de El Roser.<\/p>\n[\/vc_column_text][vc_empty_space height=\u00bb32px\u00bb][vc_single_image image=\u00bb53&#8243; alignment=\u00bbcenter\u00bb onclick=\u00bblink_image\u00bb img_size=\u00bbfull\u00bb][vc_empty_space height=\u00bb32px\u00bb][\/vc_column_inner][vc_column_inner width=\u00bb1\/2&#8243;][vc_column_text]\n<h2 class=\"uppercase\" style=\"text-align: left;\"><span style=\"font-size: 110%;\">LAS FAMILIAS\u00a0<\/span><\/h2>\n[\/vc_column_text][vc_empty_space height=\u00bb32px\u00bb][vc_column_text]\n<h3 style=\"text-align: left;\">El valor de las familias de El Roser<\/h3>\n<p style=\"text-align: left;\">Actualmente, la cooperativa cuenta con 73 familias, cuya implicaci\u00f3n es imprescindible para la viabilidad del proyecto.<\/p>\n<p style=\"text-align: left;\"><span data-text-color=\"primary\"><strong>Compromisos de las familias:<\/strong><\/span><\/p>\n<ul style=\"text-align: left;\">\n<li>Participar activamente en alguno de los c\u00edrculos de la cooperativa, al menos un miembro de la familia.<\/li>\n<li>Limpiar los espacios (por turnos).<\/li>\n<li>Participaci\u00f3n en las jornadas de trabajo para adecuar los espacios.<\/li>\n<li>Participaci\u00f3n en las jornadas de autogesti\u00f3n que se organizan para recaudar fondos para la cooperativa.<\/li>\n<\/ul>\n<p style=\"text-align: left;\">Cuando entra alguna familia nueva a la cooperativa, se le acompa\u00f1a en el proceso de adaptaci\u00f3n asign\u00e1ndole una familia de referencia, que resuelve dudas y preguntas cuando sea necesario.<\/p>\n<p style=\"text-align: left;\">Adem\u00e1s, tambi\u00e9n se organizan peri\u00f3dicamente encuentros de car\u00e1cter festivo para fomentar la cohesi\u00f3n del grupo: charlas-caf\u00e9, juegos de mesa, escalada en familia, patinaje, colonias familiares, etc.<\/p>\n[\/vc_column_text][\/vc_column_inner][\/vc_row_inner][\/vc_column][\/vc_row][vc_row css=\u00bb.vc_custom_1712157847611{padding-top: 5% !important;padding-right: 5% !important;padding-bottom: 10% !important;padding-left: 5% !important;background-color: #f9f9f9 !important;}\u00bb el_id=\u00bbprojectes\u00bb][vc_column][vc_empty_space height=\u00bb32px\u00bb][vc_empty_space height=\u00bb32px\u00bb][vc_column_text]\n<h2 class=\"uppercase\" style=\"text-align: left;\"><span style=\"font-size: 110%;\">Proyectos comunitarios<\/span><\/h2>\n[\/vc_column_text][vc_empty_space height=\u00bb32px\u00bb][vc_empty_space height=\u00bb32px\u00bb][vc_row_inner][vc_column_inner][vc_empty_space height=\u00bb32px\u00bb][vc_empty_space height=\u00bb32px\u00bb][vc_separator color=\u00bbcustom\u00bb style=\u00bbdotted\u00bb border_width=\u00bb3&#8243; accent_color=\u00bb#e5730e\u00bb][vc_empty_space height=\u00bb32px\u00bb][vc_empty_space height=\u00bb32px\u00bb][vc_column_text]\n<h3 style=\"text-align: left;\"><strong>Subvenci\u00f3n Singulars 2019<\/strong><\/h3>\n<p style=\"text-align: left;\">Con el proyecto \u00abAcerquemos la educaci\u00f3n viva a la comunidad\u00bb hemos recibido una Subvenci\u00f3n Singulars con la finalidad de contribuir al desarrollo de una sociedad m\u00e1s tolerante, empoderada y participativa, fortaleciendo nuestro proyecto de educaci\u00f3n viva y desarrollando un nuevo servicio de acci\u00f3n comunitaria. Como comunidad de aprendizaje, la Cooperativa El Roser entiende la acci\u00f3n comunitaria como una parte esencial e indivisible del proyecto pedag\u00f3gico, por eso con este proyecto queremos acercar este modelo educativo a la sociedad, y difundir los principios b\u00e1sicos de la educaci\u00f3n viva entre los ni\u00f1os, familias y la sociedad de la comarca del Baix Llobregat.<\/p>\n[\/vc_column_text][\/vc_column_inner][\/vc_row_inner][vc_empty_space height=\u00bb32px\u00bb][vc_column_text]<img loading=\"lazy\" decoding=\"async\" class=\"wp-image-319 size-full alignleft\" src=\"https:\/\/elrosercoop.com\/wp-content\/uploads\/2024\/04\/exemple-us-logos.png\" alt=\"\" width=\"1182\" height=\"184\" srcset=\"https:\/\/elroser.coop\/wp-content\/uploads\/2024\/04\/exemple-us-logos.png 1182w, https:\/\/elroser.coop\/wp-content\/uploads\/2024\/04\/exemple-us-logos-300x47.png 300w, https:\/\/elroser.coop\/wp-content\/uploads\/2024\/04\/exemple-us-logos-1024x159.png 1024w, https:\/\/elroser.coop\/wp-content\/uploads\/2024\/04\/exemple-us-logos-768x120.png 768w, https:\/\/elroser.coop\/wp-content\/uploads\/2024\/04\/exemple-us-logos-600x93.png 600w\" sizes=\"auto, (max-width: 1182px) 100vw, 1182px\" \/>[\/vc_column_text][vc_empty_space height=\u00bb32px\u00bb][vc_empty_space height=\u00bb32px\u00bb][vc_separator color=\u00bbcustom\u00bb style=\u00bbdotted\u00bb border_width=\u00bb3&#8243; accent_color=\u00bb#e5730e\u00bb][vc_empty_space height=\u00bb32px\u00bb][vc_empty_space height=\u00bb32px\u00bb][vc_column_text]\n<h3 style=\"text-align: left;\"><strong>L\u00ednea de ayudas Econom\u00eda Cooperativa Social y Solidaria 2020 de la AMB<\/strong><\/h3>\n<p style=\"text-align: left;\">Con el proyecto \u00abAcerquemos la educaci\u00f3n viva a trav\u00e9s de un nuevo servicio abierto a la comunidad\u00bb recibimos una ayuda del AMB este 2020 para poner en marcha el proyecto de la nave, que nos permitir\u00e1 ofrecer nuevos servicios de formaci\u00f3n, actividades y talleres a la comunidad.<\/p>\n<p style=\"text-align: left;\">Con el apoyo de:<\/p>\n<p><img loading=\"lazy\" decoding=\"async\" class=\"alignnone size-medium wp-image-4197 alignleft\" src=\"https:\/\/elroser.coop\/wp-content\/uploads\/2024\/12\/AMB-300x118.png\" alt=\"\" width=\"300\" height=\"118\" srcset=\"https:\/\/elroser.coop\/wp-content\/uploads\/2024\/12\/AMB-300x118.png 300w, https:\/\/elroser.coop\/wp-content\/uploads\/2024\/12\/AMB-100x39.png 100w, https:\/\/elroser.coop\/wp-content\/uploads\/2024\/12\/AMB.png 467w\" sizes=\"auto, (max-width: 300px) 100vw, 300px\" \/>[\/vc_column_text][vc_empty_space height=\u00bb32px\u00bb][vc_empty_space height=\u00bb32px\u00bb][vc_separator color=\u00bbcustom\u00bb style=\u00bbdotted\u00bb border_width=\u00bb3&#8243; accent_color=\u00bb#e5730e\u00bb][vc_empty_space height=\u00bb32px\u00bb][vc_empty_space height=\u00bb32px\u00bb][vc_column_text]\n<h3 style=\"text-align: left;\"><strong>Proyecto Singulars de Intercooperaci\u00f3n con MOMO Escuela Viva 2021-2022<\/strong><\/h3>\n<p style=\"text-align: left;\">La cooperativa lleva a cabo un proyecto de intercooperaci\u00f3n con MOMO Escuela Viva de Esplugues de Llobregat, para desarrollar una l\u00ednea de formaci\u00f3n en torno a la Educaci\u00f3n Viva, dirigida a profesionales de la educaci\u00f3n, equipos y organizaciones, familias y personas interesadas, en conocer y acercarse a la Educaci\u00f3n Viva y los conocimientos y valores que la rodean como un paradigma educativo muy innovador. Esta l\u00ednea de negocio permitir\u00e1 a ambas cooperativas aprovechar sus conocimientos y recursos, innovando en \u00e1mbitos tecnol\u00f3gicos internos, abriendo su experiencia a la sociedad, para finalmente generar nuevos ingresos adem\u00e1s de los ya generados como escuelas. De esta manera, fortalecemos a ambas cooperativas y luego incidimos positivamente en el crecimiento del cooperativismo en el territorio. El proyecto est\u00e1 subvencionado por Singulars.<\/p>\n<p><img loading=\"lazy\" decoding=\"async\" class=\"alignnone size-medium wp-image-4195 alignleft\" src=\"https:\/\/elroser.coop\/wp-content\/uploads\/2024\/12\/FORMACIONS-300x78.png\" alt=\"\" width=\"300\" height=\"78\" srcset=\"https:\/\/elroser.coop\/wp-content\/uploads\/2024\/12\/FORMACIONS-300x78.png 300w, https:\/\/elroser.coop\/wp-content\/uploads\/2024\/12\/FORMACIONS-768x198.png 768w, https:\/\/elroser.coop\/wp-content\/uploads\/2024\/12\/FORMACIONS-100x26.png 100w, https:\/\/elroser.coop\/wp-content\/uploads\/2024\/12\/FORMACIONS-600x155.png 600w, https:\/\/elroser.coop\/wp-content\/uploads\/2024\/12\/FORMACIONS.png 805w\" sizes=\"auto, (max-width: 300px) 100vw, 300px\" \/><\/p>\n[\/vc_column_text][vc_empty_space height=\u00bb32px\u00bb][vc_empty_space height=\u00bb32px\u00bb][\/vc_column][\/vc_row][vc_row][vc_column]\n\t\t\t<!-- START INICIO REVOLUTION SLIDER 6.6.8 --><p class=\"rs-p-wp-fix\"><\/p>\n\t\t\t<rs-module-wrap id=\"rev_slider_1_1_wrapper\" data-source=\"gallery\" style=\"visibility:hidden;background:transparent;padding:0;margin:0px auto;margin-top:0;margin-bottom:0;background-image:url(https:\/\/elroser.coop\/wp-content\/uploads\/revslider\/video-media\/ElRoserVideo_1.jpeg);background-repeat:no-repeat;background-size:cover;background-position:center center;\">\n\t\t\t\t<rs-module id=\"rev_slider_1_1\" style=\"\" data-version=\"6.6.8\">\n\t\t\t\t\t<rs-slides style=\"overflow: hidden; position: absolute;\">\n\t\t\t\t\t\t<rs-slide style=\"position: absolute;\" data-key=\"rs-1\" data-title=\"Slide\" data-in=\"o:0;\" data-out=\"a:false;\">\n\t\t\t\t\t\t\t<img decoding=\"async\" src=\"\/\/elroser.coop\/wp-content\/plugins\/revslider\/public\/assets\/assets\/dummy.png\" alt=\"\" title=\"ElRoserVideo_1.jpeg\" width=\"1920\" height=\"1080\" class=\"rev-slidebg tp-rs-img rs-lazyload\" data-lazyload=\"\/\/elrosercoop.com\/wp-content\/uploads\/revslider\/video-media\/ElRoserVideo_1.jpeg\" data-no-retina>\n\t\t\t\t\t\t\t<rs-bgvideo \n\t\t\t\t\t\t\t\tdata-video=\"w:100%;h:100%;nse:false;l:true;ptimer:false;vfc:true;\"\n\t\t\t\t\t\t\t\tdata-mp4=\"\/\/elroser.coop\/wp-content\/uploads\/2024\/04\/ElRoserVideo.mp4\"\n\t\t\t\t\t\t\t><\/rs-bgvideo>\n<!--\n\t\t\t\t\t\t\t--><rs-layer\n\t\t\t\t\t\t\t\tid=\"slider-1-slide-1-layer-0\" \n\t\t\t\t\t\t\t\tdata-type=\"text\"\n\t\t\t\t\t\t\t\tdata-color=\"#fff\"\n\t\t\t\t\t\t\t\tdata-tsh=\"c:rgba(58,58,58,0.35);h:3px,3px,1px,1px;v:3px,3px,1px,1px;\"\n\t\t\t\t\t\t\t\tdata-rsp_ch=\"on\"\n\t\t\t\t\t\t\t\tdata-xy=\"x:c;xo:0,0,0,9px;y:m;yo:0,0,0,122px;\"\n\t\t\t\t\t\t\t\tdata-text=\"w:normal;s:67,67,58,40;l:76,76,60,42;fw:700;a:center;\"\n\t\t\t\t\t\t\t\tdata-dim=\"w:auto,auto,auto,758px;h:auto,auto,auto,187px;minh:0,0,none,none;\"\n\t\t\t\t\t\t\t\tdata-frame_999=\"o:0;st:w;\"\n\t\t\t\t\t\t\t\tstyle=\"z-index:5;font-family:'Montserrat';\"\n\t\t\t\t\t\t\t>Espai d\u2019aprenentatge <br \/>\nper a infants \n\t\t\t\t\t\t\t<\/rs-layer><!--\n-->\t\t\t\t\t\t<\/rs-slide>\n\t\t\t\t\t<\/rs-slides>\n\t\t\t\t<\/rs-module>\n\t\t\t\t<script>\n\t\t\t\t\tsetREVStartSize({c: 'rev_slider_1_1',rl:[1240,1240,778,480],el:[600,600,376,376],gw:[1240,1240,778,778],gh:[600,600,376,376],type:'standard',justify:'',layout:'fullwidth',mh:\"0\"});if (window.RS_MODULES!==undefined && window.RS_MODULES.modules!==undefined && window.RS_MODULES.modules[\"revslider11\"]!==undefined) {window.RS_MODULES.modules[\"revslider11\"].once = false;window.revapi1 = undefined;if (window.RS_MODULES.checkMinimal!==undefined) window.RS_MODULES.checkMinimal()}\n\t\t\t\t<\/script>\n\t\t\t<\/rs-module-wrap>\n\t\t\t<!-- END REVOLUTION SLIDER -->\n[\/vc_column][\/vc_row]\n<\/section>","protected":false},"excerpt":{"rendered":"[vc_row css=\u00bb.vc_custom_1711376731081{padding-top: 5% !important;padding-right: 5% !important;padding-bottom: 5% !important;padding-left: 5% !important;background-color: #fdf8e0 !important;}\u00bb][vc_column][vc_empty_space height=\u00bb32px\u00bb][vc_empty_space height=\u00bb32px\u00bb][vc_column_text] EL ROSER, UNA COOPERATIVA INTEGRAL [\/vc_column_text][vc_empty_space height=\u00bb32px\u00bb][vc_row_inner gap=\u00bb30&#8243;][vc_column_inner width=\u00bb1\/6&#8243;][\/vc_column_inner][vc_column_inner width=\u00bb2\/3&#8243;][vc_column_text] Somos una comunidad de aprendizaje autogestionada, formada por familias y profesionales que promueven el empoderamiento individual para lograr una transformaci\u00f3n global de la sociedad. Nuestras gu\u00edas para la acci\u00f3n son el [&#8230;]\n","protected":false},"author":1,"featured_media":0,"parent":0,"menu_order":0,"comment_status":"closed","ping_status":"closed","template":"page-blank.php","meta":{"footnotes":""},"class_list":["post-3816","page","type-page","status-publish","hentry"],"_links":{"self":[{"href":"https:\/\/elroser.coop\/es\/wp-json\/wp\/v2\/pages\/3816","targetHints":{"allow":["GET"]}}],"collection":[{"href":"https:\/\/elroser.coop\/es\/wp-json\/wp\/v2\/pages"}],"about":[{"href":"https:\/\/elroser.coop\/es\/wp-json\/wp\/v2\/types\/page"}],"author":[{"embeddable":true,"href":"https:\/\/elroser.coop\/es\/wp-json\/wp\/v2\/users\/1"}],"replies":[{"embeddable":true,"href":"https:\/\/elroser.coop\/es\/wp-json\/wp\/v2\/comments?post=3816"}],"version-history":[{"count":7,"href":"https:\/\/elroser.coop\/es\/wp-json\/wp\/v2\/pages\/3816\/revisions"}],"predecessor-version":[{"id":5621,"href":"https:\/\/elroser.coop\/es\/wp-json\/wp\/v2\/pages\/3816\/revisions\/5621"}],"wp:attachment":[{"href":"https:\/\/elroser.coop\/es\/wp-json\/wp\/v2\/media?parent=3816"}],"curies":[{"name":"wp","href":"https:\/\/api.w.org\/{rel}","templated":true}]}}